{"id":25931,"date":"2021-04-19T05:14:06","date_gmt":"2021-04-19T05:14:06","guid":{"rendered":"https:\/\/www.silviakelly.it\/product\/anello-isotta\/"},"modified":"2026-03-11T12:52:19","modified_gmt":"2026-03-11T12:52:19","slug":"anello-isotta-citrino","status":"publish","type":"product","link":"https:\/\/www.silviakelly.it\/it\/prodotto\/anello-isotta-citrino\/","title":{"rendered":"Isotta Citrino"},"content":{"rendered":"\t\t<div data-elementor-type=\"page\" data-elementor-id=\"25841\" class=\"elementor elementor-25841 elementor-25382\" data-elementor-post-type=\"elementor_library\">\n\t\t\t\t\t\t<section class=\"elementor-section elementor-top-section elementor-element elementor-element-e68b9b7 elementor-section-full_width elementor-section-height-default elementor-section-height-default\" data-id=\"e68b9b7\" data-element_type=\"section\" data-e-type=\"section\">\n\t\t\t\t\t\t<div class=\"elementor-container elementor-column-gap-default\">\n\t\t\t\t\t<div class=\"elementor-column elementor-col-100 elementor-top-column elementor-element elementor-element-a0a2560\" data-id=\"a0a2560\" data-element_type=\"column\" data-e-type=\"column\">\n\t\t\t<div class=\"elementor-widget-wrap elementor-element-populated\">\n\t\t\t\t\t\t<div class=\"elementor-element elementor-element-7c0a3d4 elementor-widget elementor-widget-pp-flipbox\" data-id=\"7c0a3d4\" data-element_type=\"widget\" data-e-type=\"widget\" data-widget_type=\"pp-flipbox.default\">\n\t\t\t\t<div class=\"elementor-widget-container\">\n\t\t\t\t\t\t\t<div class=\"pp-flipbox-container pp-animate-fade pp-direction-\">\n\t\t\t<div class=\"pp-flipbox-flip-card\">\n\t\t\t\t\t\t<div class=\"pp-flipbox-front\">\n\t\t\t<div class=\"pp-flipbox-overlay\">\n\t\t\t\t<div class=\"pp-flipbox-inner\">\n\t\t\t\t\t<div class=\"pp-flipbox-icon-image pp-icon\">\n\t\t\t\t\t\t\t\t\t\t\t\t\t<i aria-hidden=\"true\" class=\"icon icon-diamond11\"><\/i>\t\t\t\t\t\t\t\t\t\t\t<\/div>\n\n\t\t\t\t\t<h3 class=\"pp-flipbox-heading\">\n\t\t\t\t\t\tIL QUARZO CITRINO\t\t\t\t\t<\/h3>\n\n\t\t\t\t\t<div class=\"pp-flipbox-content\">\n\t\t\t\t\t\t\t\t\t\t\t<\/div>\n\t\t\t\t<\/div>\n\t\t\t<\/div>\n\t\t<\/div>\n\t\t\t\t<div class=\"pp-flipbox-back\">\n\t\t\t\t\t\t<div class=\"pp-flipbox-overlay\">\n\t\t\t\t<div class=\"pp-flipbox-inner\">\n\t\t\t\t\t\t\t\t\t\t\t<div class=\"pp-flipbox-icon-image-back pp-icon\">\n\t\t\t\t\t\t\t\t\t\t\t\t\t\t\t<i aria-hidden=\"true\" class=\"icon icon-diamond\"><\/i>\t\t\t\t\t\t\t\t\t\t\t\t\t<\/div>\n\t\t\t\t\t\n\t\t\t\t\t\t\t\t\t\t\t<h3 class=\"pp-flipbox-heading\">\n\t\t\t\t\t\t\tIL QUARZO CITRINO\t\t\t\t\t\t<\/h3>\n\t\t\t\t\t\n\t\t\t\t\t<div class=\"pp-flipbox-content\">\n\t\t\t\t\t\tIl nome quarzo si riferisce a un vasto gruppo di minerali con la stessa composizione chimica e propriet\u00e0 fisiche simili. Il quarzo citrino \u00e8 un quarzo dorato particolarmente resistente. Il nome deriva dal francese citron, limone ed ha sfumature che vanno da un giallo pallido al giallo intenso. La maggior parte dei citrini viene estratta in Brasile. Si dice che anticamente il quarzo citrino venisse indossato come protezione contro il veleno dei serpenti ed i pensieri diabolici.\n\t\t\t\t\t<\/div>\n\n\t\t\t\t\t\t\t\t\t<\/div>\n\t\t\t<\/div>\n\t\t<\/div>\n\t\t\t\t\t<\/div>\n\t\t<\/div>\n\t\t\t\t\t\t<\/div>\n\t\t\t\t<\/div>\n\t\t\t\t\t<\/div>\n\t\t<\/div>\n\t\t\t\t\t<\/div>\n\t\t<\/section>\n\t\t\t\t<\/div>\n\t\t\n","protected":false},"excerpt":{"rendered":"<h4>Anello Isotta Citrino<\/h4>\n<p style=\"text-align: left;\">\u201cIl giallo contiene sempre in s\u00e9 la natura del chiaro, e possiede una qualit\u00e0, dolcemente stimolante, di serenit\u00e0 e di gaiezza.\u201d \u2013 Goethe<\/p>\n<p data-path-to-node=\"3\">Esplora l&#8217;incanto di un gioiello che cattura la luce dell&#8217;autunno: il nostro esclusivo anello <strong>artigianale<\/strong> Isotta, un capolavoro di design che celebra la calda luminosit\u00e0 del <b data-path-to-node=\"3\" data-index-in-node=\"167\">citrino<\/b>. Al centro della composizione brilla un <b data-path-to-node=\"3\" data-index-in-node=\"215\">citrino<\/b> di alta qualit\u00e0, scelto per la sua trasparenza cristallina e quella sfumatura dorata che evoca i primi raggi del mattino. La montatura \u00e8 un sofisticato gioco di contrasti cromatici, dove il calore romantico dell&#8217;<strong>oro rosa<\/strong> incontra la lucentezza moderna dell\u2019<strong>oro bianco<\/strong>, creando una sinergia perfetta che esalta le tonalit\u00e0 ambrate della pietra preziosa.<\/p>\n<p data-path-to-node=\"4\">Il <b data-path-to-node=\"4\" data-index-in-node=\"3\">citrino<\/b>, da sempre simbolo di energia vitale e positivit\u00e0, \u00e8 incorniciato da diamanti naturali taglio brillante rotondo, sapientemente incastonati per riflettere la luce da ogni angolazione e donare una brillantezza senza pari. Ogni dettaglio di questo anello racconta una storia di lusso discreto e maestria orafa italiana.<br \/>\nIdeale per la donna che ricerca un accessorio distintivo, questo gioiello con <b data-path-to-node=\"4\" data-index-in-node=\"409\">citrino<\/b> non \u00e8 solo un ornamento, ma un investimento in stile e personalit\u00e0. Che sia per un regalo indimenticabile o per arricchire la tua collezione privata, la combinazione tra oro bicolore, diamanti e lo splendore magnetico del <b data-path-to-node=\"4\" data-index-in-node=\"639\">citrino<\/b> garantisce un fascino intramontabile.<br \/>\n&#8220;Scegli l&#8217;<strong>unicit\u00e0<\/strong> di un gioiello fatto a mano e lasciati avvolgere dalle sue vibrazioni solari.&#8221;<\/p>\n","protected":false},"featured_media":23808,"template":"","meta":{"_acf_changed":false},"product_brand":[],"product_cat":[313],"product_tag":[],"class_list":{"0":"post-25931","1":"product","2":"type-product","3":"status-publish","4":"has-post-thumbnail","6":"product_cat-anelli","7":"product_shipping_class-tutti-i-paesi-it","9":"first","10":"instock","11":"shipping-taxable","12":"purchasable","13":"product-type-simple"},"acf":[],"_links":{"self":[{"href":"https:\/\/www.silviakelly.it\/it\/wp-json\/wp\/v2\/product\/25931","targetHints":{"allow":["GET"]}}],"collection":[{"href":"https:\/\/www.silviakelly.it\/it\/wp-json\/wp\/v2\/product"}],"about":[{"href":"https:\/\/www.silviakelly.it\/it\/wp-json\/wp\/v2\/types\/product"}],"version-history":[{"count":8,"href":"https:\/\/www.silviakelly.it\/it\/wp-json\/wp\/v2\/product\/25931\/revisions"}],"predecessor-version":[{"id":38368,"href":"https:\/\/www.silviakelly.it\/it\/wp-json\/wp\/v2\/product\/25931\/revisions\/38368"}],"wp:featuredmedia":[{"embeddable":true,"href":"https:\/\/www.silviakelly.it\/it\/wp-json\/wp\/v2\/media\/23808"}],"wp:attachment":[{"href":"https:\/\/www.silviakelly.it\/it\/wp-json\/wp\/v2\/media?parent=25931"}],"wp:term":[{"taxonomy":"product_brand","embeddable":true,"href":"https:\/\/www.silviakelly.it\/it\/wp-json\/wp\/v2\/product_brand?post=25931"},{"taxonomy":"product_cat","embeddable":true,"href":"https:\/\/www.silviakelly.it\/it\/wp-json\/wp\/v2\/product_cat?post=25931"},{"taxonomy":"product_tag","embeddable":true,"href":"https:\/\/www.silviakelly.it\/it\/wp-json\/wp\/v2\/product_tag?post=25931"}],"curies":[{"name":"wp","href":"https:\/\/api.w.org\/{rel}","templated":true}]}}