{"id":26024,"date":"2021-04-19T05:17:40","date_gmt":"2021-04-19T05:17:40","guid":{"rendered":"https:\/\/www.silviakelly.it\/product\/bracciale-geronimo\/"},"modified":"2026-03-12T17:19:58","modified_gmt":"2026-03-12T17:19:58","slug":"bracciale-geronimo-giada","status":"publish","type":"product","link":"https:\/\/www.silviakelly.it\/it\/prodotto\/bracciale-geronimo-giada\/","title":{"rendered":"Geronimo Giada"},"content":{"rendered":"\t\t<div data-elementor-type=\"page\" data-elementor-id=\"25829\" class=\"elementor elementor-25829 elementor-25396\" data-elementor-post-type=\"elementor_library\">\n\t\t\t\t\t\t<section class=\"elementor-section elementor-top-section elementor-element elementor-element-e68b9b7 elementor-section-full_width elementor-section-height-default elementor-section-height-default\" data-id=\"e68b9b7\" data-element_type=\"section\" data-e-type=\"section\">\n\t\t\t\t\t\t<div class=\"elementor-container elementor-column-gap-default\">\n\t\t\t\t\t<div class=\"elementor-column elementor-col-100 elementor-top-column elementor-element elementor-element-a0a2560\" data-id=\"a0a2560\" data-element_type=\"column\" data-e-type=\"column\">\n\t\t\t<div class=\"elementor-widget-wrap elementor-element-populated\">\n\t\t\t\t\t\t<div class=\"elementor-element elementor-element-7c0a3d4 elementor-widget elementor-widget-pp-flipbox\" data-id=\"7c0a3d4\" data-element_type=\"widget\" data-e-type=\"widget\" data-widget_type=\"pp-flipbox.default\">\n\t\t\t\t<div class=\"elementor-widget-container\">\n\t\t\t\t\t\t\t<div class=\"pp-flipbox-container pp-animate-fade pp-direction-\">\n\t\t\t<div class=\"pp-flipbox-flip-card\">\n\t\t\t\t\t\t<div class=\"pp-flipbox-front\">\n\t\t\t<div class=\"pp-flipbox-overlay\">\n\t\t\t\t<div class=\"pp-flipbox-inner\">\n\t\t\t\t\t<div class=\"pp-flipbox-icon-image pp-icon\">\n\t\t\t\t\t\t\t\t\t\t\t\t\t<i aria-hidden=\"true\" class=\"icon icon-diamond11\"><\/i>\t\t\t\t\t\t\t\t\t\t\t<\/div>\n\n\t\t\t\t\t<h3 class=\"pp-flipbox-heading\">\n\t\t\t\t\t\tLA GIADA VERDE\t\t\t\t\t<\/h3>\n\n\t\t\t\t\t<div class=\"pp-flipbox-content\">\n\t\t\t\t\t\t\t\t\t\t\t<\/div>\n\t\t\t\t<\/div>\n\t\t\t<\/div>\n\t\t<\/div>\n\t\t\t\t<div class=\"pp-flipbox-back\">\n\t\t\t\t\t\t<div class=\"pp-flipbox-overlay\">\n\t\t\t\t<div class=\"pp-flipbox-inner\">\n\t\t\t\t\t\t\t\t\t\t\t<div class=\"pp-flipbox-icon-image-back pp-icon\">\n\t\t\t\t\t\t\t\t\t\t\t\t\t\t\t<i aria-hidden=\"true\" class=\"icon icon-diamond\"><\/i>\t\t\t\t\t\t\t\t\t\t\t\t\t<\/div>\n\t\t\t\t\t\n\t\t\t\t\t\t\t\t\t\t\t<h3 class=\"pp-flipbox-heading\">\n\t\t\t\t\t\t\tLA GIADA VERDE\t\t\t\t\t\t<\/h3>\n\t\t\t\t\t\n\t\t\t\t\t<div class=\"pp-flipbox-content\">\n\t\t\t\t\t\tOggi \u00e8 la giada giadeite ad essere considerata la vera giada (pi\u00f9 preziosa della nefrite perch\u00e9 ha un colore verde molto pi\u00f9 brillante e una maggiore traslucenza). Da sempre considerata in Cina gemma regale, il termine Yu (giada, in cinese) si usa per indicare qualcosa di prezioso, come per noi la parola oro. La giada giadeite si trova in Myanmar. Si dice che porti abbondanza, prosperit\u00e0, serenit\u00e0, saggezza, longevit\u00e0. Per migliaia di anni, la giada \u00e8 stata il simbolo dell'amore e della virt\u00f9.\t\t\t\t\t<\/div>\n\n\t\t\t\t\t\t\t\t\t<\/div>\n\t\t\t<\/div>\n\t\t<\/div>\n\t\t\t\t\t<\/div>\n\t\t<\/div>\n\t\t\t\t\t\t<\/div>\n\t\t\t\t<\/div>\n\t\t\t\t\t<\/div>\n\t\t<\/div>\n\t\t\t\t\t<\/div>\n\t\t<\/section>\n\t\t\t\t<\/div>\n\t\t\n\t\t<div data-elementor-type=\"page\" data-elementor-id=\"25855\" class=\"elementor elementor-25855 elementor-25849\" data-elementor-post-type=\"elementor_library\">\n\t\t\t\t\t\t<section class=\"elementor-section elementor-top-section elementor-element elementor-element-23432403 elementor-section-full_width elementor-section-height-default elementor-section-height-default\" data-id=\"23432403\" data-element_type=\"section\" data-e-type=\"section\">\n\t\t\t\t\t\t<div class=\"elementor-container elementor-column-gap-default\">\n\t\t\t\t\t<div class=\"elementor-column elementor-col-100 elementor-top-column elementor-element elementor-element-51c314ce\" data-id=\"51c314ce\" data-element_type=\"column\" data-e-type=\"column\">\n\t\t\t<div class=\"elementor-widget-wrap elementor-element-populated\">\n\t\t\t\t\t\t<div class=\"elementor-element elementor-element-426bb3b4 elementor-widget elementor-widget-pp-flipbox\" data-id=\"426bb3b4\" data-element_type=\"widget\" data-e-type=\"widget\" data-widget_type=\"pp-flipbox.default\">\n\t\t\t\t<div class=\"elementor-widget-container\">\n\t\t\t\t\t\t\t<div class=\"pp-flipbox-container pp-animate-fade pp-direction-\">\n\t\t\t<div class=\"pp-flipbox-flip-card\">\n\t\t\t\t\t\t<div class=\"pp-flipbox-front\">\n\t\t\t<div class=\"pp-flipbox-overlay\">\n\t\t\t\t<div class=\"pp-flipbox-inner\">\n\t\t\t\t\t<div class=\"pp-flipbox-icon-image pp-icon\">\n\t\t\t\t\t\t\t\t\t\t\t\t\t<i aria-hidden=\"true\" class=\"icon icon-diamond11\"><\/i>\t\t\t\t\t\t\t\t\t\t\t<\/div>\n\n\t\t\t\t\t<h3 class=\"pp-flipbox-heading\">\n\t\t\t\t\t\tLA GIADA NERA\t\t\t\t\t<\/h3>\n\n\t\t\t\t\t<div class=\"pp-flipbox-content\">\n\t\t\t\t\t\t\t\t\t\t\t<\/div>\n\t\t\t\t<\/div>\n\t\t\t<\/div>\n\t\t<\/div>\n\t\t\t\t<div class=\"pp-flipbox-back\">\n\t\t\t\t\t\t<div class=\"pp-flipbox-overlay\">\n\t\t\t\t<div class=\"pp-flipbox-inner\">\n\t\t\t\t\t\t\t\t\t\t\t<div class=\"pp-flipbox-icon-image-back pp-icon\">\n\t\t\t\t\t\t\t\t\t\t\t\t\t\t\t<i aria-hidden=\"true\" class=\"icon icon-diamond\"><\/i>\t\t\t\t\t\t\t\t\t\t\t\t\t<\/div>\n\t\t\t\t\t\n\t\t\t\t\t\t\t\t\t\t\t<h3 class=\"pp-flipbox-heading\">\n\t\t\t\t\t\t\tLA GIADA NERA\t\t\t\t\t\t<\/h3>\n\t\t\t\t\t\n\t\t\t\t\t<div class=\"pp-flipbox-content\">\n\t\t\t\t\t\tCon il termine giada si definiscono in realt\u00e0 due minerali diversi che la compongono: giadeite e nefrite. I colori della nefrite variano dal verde scuro al crema, mentre la giadeite oltre che verde, pu\u00f2 essere lilla, bianca, rosa, blu, nero, arancio e gialla. Il giacimento di maggiore importanza si trova in Birmania. Si dice che: tutte le giade, in base alla tradizione, hanno propriet\u00e0 calmanti e rasserenanti e sono connesse al chakra numero 4, quello del cuore.\n\t\t\t\t\t<\/div>\n\n\t\t\t\t\t\t\t\t\t<\/div>\n\t\t\t<\/div>\n\t\t<\/div>\n\t\t\t\t\t<\/div>\n\t\t<\/div>\n\t\t\t\t\t\t<\/div>\n\t\t\t\t<\/div>\n\t\t\t\t\t<\/div>\n\t\t<\/div>\n\t\t\t\t\t<\/div>\n\t\t<\/section>\n\t\t\t\t<\/div>\n\t\t\n","protected":false},"excerpt":{"rendered":"<h4>Bracciale Geronimo Giada<\/h4>\n<p style=\"text-align: left;\">Al pari della pietra, il nome Giada \u00e8 sinonimo di bellezza morale e spirituale, creatura inquieta e rara.<\/p>\n<p data-path-to-node=\"4\">Il bracciale &#8220;<strong>Geronimo<\/strong>&#8221; \u00e8 un tributo alla forza silenziosa e alla bellezza pura della <b data-path-to-node=\"4\" data-index-in-node=\"86\">giada<\/b>, una gemma che da millenni incanta l&#8217;umanit\u00e0 per le sue virt\u00f9 morali e spirituali. In questa creazione esclusiva, la <b data-path-to-node=\"4\" data-index-in-node=\"209\">giada<\/b> non \u00e8 solo un ornamento, ma l&#8217;anima di un gioiello che celebra la dualit\u00e0: l&#8217;energia vitale della <b data-path-to-node=\"4\" data-index-in-node=\"313\">giada verde<\/b> si fonde con il mistero profondo della <b data-path-to-node=\"4\" data-index-in-node=\"364\">giada nera<\/b>, creando un dialogo cromatico di rara intensit\u00e0.<\/p>\n<p data-path-to-node=\"4\">Ogni elemento in pietra, proveniente dalle prestigiose miniere della <strong>Birmania<\/strong>, \u00e8 stato selezionato per la sua texture setosa e la sua lucentezza naturale, rendendo ogni esemplare un pezzo unico e irripetibile.<\/p>\n<p data-path-to-node=\"5\">L&#8217;<strong>artigianalit\u00e0<\/strong> \u00e8 il cuore pulsante di questo bracciale. Realizzato interamente <strong>a mano<\/strong> in Italia, il modello <strong>Geronimo<\/strong> gioca con le forme geometriche per esaltare la duttilit\u00e0 della gemma: troviamo elementi in <b data-path-to-node=\"5\" data-index-in-node=\"209\">giada<\/b> lavorati a tubetti levigati che si alternano a rondelle sottili, creando un ritmo visivo e tattile che accarezza il polso con eleganza.<br \/>\nL&#8217;accostamento tra l&#8217;oro rosa e l&#8217;oro bianco 18kt funge da cornice preziosa, illuminando le sfumature della <b data-path-to-node=\"5\" data-index-in-node=\"459\">giada<\/b> e sottolineando la precisione degli incastri orafi che solo la tradizione <strong>italiana<\/strong> sa offrire.<\/p>\n<p data-path-to-node=\"6\">Scegliere la <b data-path-to-node=\"6\" data-index-in-node=\"13\">giada<\/b> per il proprio indosso quotidiano significa connettersi con una tradizione che vede in questa pietra un simbolo di equilibrio e protezione. Il bracciale Geronimo \u00e8 dedicato alla donna moderna, una &#8220;creatura inquieta e rara&#8221; che cerca nel gioiello un riflesso della propria complessit\u00e0 interiore.<\/p>\n<p data-path-to-node=\"6\">Che sia indossato da solo per un tocco di classe minimale o abbinato ad altri preziosi, questo bracciale in <b data-path-to-node=\"6\" data-index-in-node=\"423\">giada<\/b> e oro rappresenta l&#8217;eccellenza del design artigianale, un ponte perfetto tra l&#8217;estetica contemporanea e il fascino eterno dei tesori della terra.<\/p>\n","protected":false},"featured_media":24037,"template":"","meta":{"_acf_changed":false},"product_brand":[],"product_cat":[325],"product_tag":[],"class_list":{"0":"post-26024","1":"product","2":"type-product","3":"status-publish","4":"has-post-thumbnail","6":"product_cat-bracciali","7":"product_shipping_class-tutti-i-paesi-it","9":"first","10":"instock","11":"shipping-taxable","12":"purchasable","13":"product-type-simple"},"acf":[],"_links":{"self":[{"href":"https:\/\/www.silviakelly.it\/it\/wp-json\/wp\/v2\/product\/26024","targetHints":{"allow":["GET"]}}],"collection":[{"href":"https:\/\/www.silviakelly.it\/it\/wp-json\/wp\/v2\/product"}],"about":[{"href":"https:\/\/www.silviakelly.it\/it\/wp-json\/wp\/v2\/types\/product"}],"version-history":[{"count":5,"href":"https:\/\/www.silviakelly.it\/it\/wp-json\/wp\/v2\/product\/26024\/revisions"}],"predecessor-version":[{"id":38491,"href":"https:\/\/www.silviakelly.it\/it\/wp-json\/wp\/v2\/product\/26024\/revisions\/38491"}],"wp:featuredmedia":[{"embeddable":true,"href":"https:\/\/www.silviakelly.it\/it\/wp-json\/wp\/v2\/media\/24037"}],"wp:attachment":[{"href":"https:\/\/www.silviakelly.it\/it\/wp-json\/wp\/v2\/media?parent=26024"}],"wp:term":[{"taxonomy":"product_brand","embeddable":true,"href":"https:\/\/www.silviakelly.it\/it\/wp-json\/wp\/v2\/product_brand?post=26024"},{"taxonomy":"product_cat","embeddable":true,"href":"https:\/\/www.silviakelly.it\/it\/wp-json\/wp\/v2\/product_cat?post=26024"},{"taxonomy":"product_tag","embeddable":true,"href":"https:\/\/www.silviakelly.it\/it\/wp-json\/wp\/v2\/product_tag?post=26024"}],"curies":[{"name":"wp","href":"https:\/\/api.w.org\/{rel}","templated":true}]}}