{"id":26031,"date":"2021-04-19T05:17:18","date_gmt":"2021-04-19T05:17:18","guid":{"rendered":"https:\/\/www.silviakelly.it\/product\/bracciale-raffinato-gufo\/"},"modified":"2026-03-12T17:17:31","modified_gmt":"2026-03-12T17:17:31","slug":"bracciale-raffinato-gufo-zaffiri","status":"publish","type":"product","link":"https:\/\/www.silviakelly.it\/it\/prodotto\/bracciale-raffinato-gufo-zaffiri\/","title":{"rendered":"Raffinato Gufo Zaffiri"},"content":{"rendered":"\t\t<div data-elementor-type=\"page\" data-elementor-id=\"25845\" class=\"elementor elementor-25845 elementor-25444\" data-elementor-post-type=\"elementor_library\">\n\t\t\t\t\t\t<section class=\"elementor-section elementor-top-section elementor-element elementor-element-1ec892e6 elementor-section-full_width elementor-section-height-default elementor-section-height-default\" data-id=\"1ec892e6\" data-element_type=\"section\" data-e-type=\"section\">\n\t\t\t\t\t\t<div class=\"elementor-container elementor-column-gap-default\">\n\t\t\t\t\t<div class=\"elementor-column elementor-col-100 elementor-top-column elementor-element elementor-element-705d5e5\" data-id=\"705d5e5\" data-element_type=\"column\" data-e-type=\"column\">\n\t\t\t<div class=\"elementor-widget-wrap elementor-element-populated\">\n\t\t\t\t\t\t<div class=\"elementor-element elementor-element-32a979fb elementor-widget elementor-widget-pp-flipbox\" data-id=\"32a979fb\" data-element_type=\"widget\" data-e-type=\"widget\" data-widget_type=\"pp-flipbox.default\">\n\t\t\t\t<div class=\"elementor-widget-container\">\n\t\t\t\t\t\t\t<div class=\"pp-flipbox-container pp-animate-fade pp-direction-\">\n\t\t\t<div class=\"pp-flipbox-flip-card\">\n\t\t\t\t\t\t<div class=\"pp-flipbox-front\">\n\t\t\t<div class=\"pp-flipbox-overlay\">\n\t\t\t\t<div class=\"pp-flipbox-inner\">\n\t\t\t\t\t<div class=\"pp-flipbox-icon-image pp-icon\">\n\t\t\t\t\t\t\t\t\t\t\t\t\t<i aria-hidden=\"true\" class=\"icon icon-diamond11\"><\/i>\t\t\t\t\t\t\t\t\t\t\t<\/div>\n\n\t\t\t\t\t<h3 class=\"pp-flipbox-heading\">\n\t\t\t\t\t\tLO ZAFFIRO\t\t\t\t\t<\/h3>\n\n\t\t\t\t\t<div class=\"pp-flipbox-content\">\n\t\t\t\t\t\t\t\t\t\t\t<\/div>\n\t\t\t\t<\/div>\n\t\t\t<\/div>\n\t\t<\/div>\n\t\t\t\t<div class=\"pp-flipbox-back\">\n\t\t\t\t\t\t<div class=\"pp-flipbox-overlay\">\n\t\t\t\t<div class=\"pp-flipbox-inner\">\n\t\t\t\t\t\t\t\t\t\t\t<div class=\"pp-flipbox-icon-image-back pp-icon\">\n\t\t\t\t\t\t\t\t\t\t\t\t\t\t\t<i aria-hidden=\"true\" class=\"icon icon-diamond\"><\/i>\t\t\t\t\t\t\t\t\t\t\t\t\t<\/div>\n\t\t\t\t\t\n\t\t\t\t\t\t\t\t\t\t\t<h3 class=\"pp-flipbox-heading\">\n\t\t\t\t\t\t\tLO ZAFFIRO\t\t\t\t\t\t<\/h3>\n\t\t\t\t\t\n\t\t\t\t\t<div class=\"pp-flipbox-content\">\n\t\t\t\t\t\tLo zaffiro appartiene alla famiglia del corindone, una classe minerale che comprende anche il rubino. Si presenta in una vasta variet\u00e0 di colori: rosa, arancione, verde, giallo, viola e nero; il blu intenso \u00e8 il colore pi\u00f9 pregiato. I giacimenti pi\u00f9 importanti sono in Sri Lanka e Birmania, ma si trova anche in Australia, Madagascar, Cina, Vietnam e Kashmir. Si dice che doni forza, attenzione e ordine mentale. Avrebbe la capacit\u00e0 di calmare e donare leggerezza, equilibrio e gioia spirituale.\t\t\t\t\t<\/div>\n\n\t\t\t\t\t\t\t\t\t<\/div>\n\t\t\t<\/div>\n\t\t<\/div>\n\t\t\t\t\t<\/div>\n\t\t<\/div>\n\t\t\t\t\t\t<\/div>\n\t\t\t\t<\/div>\n\t\t\t\t\t<\/div>\n\t\t<\/div>\n\t\t\t\t\t<\/div>\n\t\t<\/section>\n\t\t\t\t<\/div>\n\t\t\n\t\t<div data-elementor-type=\"page\" data-elementor-id=\"25825\" class=\"elementor elementor-25825 elementor-25402\" data-elementor-post-type=\"elementor_library\">\n\t\t\t\t\t\t<section class=\"elementor-section elementor-top-section elementor-element elementor-element-e68b9b7 elementor-section-full_width elementor-section-height-default elementor-section-height-default\" data-id=\"e68b9b7\" data-element_type=\"section\" data-e-type=\"section\">\n\t\t\t\t\t\t<div class=\"elementor-container elementor-column-gap-default\">\n\t\t\t\t\t<div class=\"elementor-column elementor-col-100 elementor-top-column elementor-element elementor-element-a0a2560\" data-id=\"a0a2560\" data-element_type=\"column\" data-e-type=\"column\">\n\t\t\t<div class=\"elementor-widget-wrap elementor-element-populated\">\n\t\t\t\t\t\t<div class=\"elementor-element elementor-element-7c0a3d4 elementor-widget elementor-widget-pp-flipbox\" data-id=\"7c0a3d4\" data-element_type=\"widget\" data-e-type=\"widget\" data-widget_type=\"pp-flipbox.default\">\n\t\t\t\t<div class=\"elementor-widget-container\">\n\t\t\t\t\t\t\t<div class=\"pp-flipbox-container pp-animate-fade pp-direction-\">\n\t\t\t<div class=\"pp-flipbox-flip-card\">\n\t\t\t\t\t\t<div class=\"pp-flipbox-front\">\n\t\t\t<div class=\"pp-flipbox-overlay\">\n\t\t\t\t<div class=\"pp-flipbox-inner\">\n\t\t\t\t\t<div class=\"pp-flipbox-icon-image pp-icon\">\n\t\t\t\t\t\t\t\t\t\t\t\t\t<i aria-hidden=\"true\" class=\"icon icon-diamond11\"><\/i>\t\t\t\t\t\t\t\t\t\t\t<\/div>\n\n\t\t\t\t\t<h3 class=\"pp-flipbox-heading\">\n\t\t\t\t\t\tLA KYANITE\t\t\t\t\t<\/h3>\n\n\t\t\t\t\t<div class=\"pp-flipbox-content\">\n\t\t\t\t\t\t\t\t\t\t\t<\/div>\n\t\t\t\t<\/div>\n\t\t\t<\/div>\n\t\t<\/div>\n\t\t\t\t<div class=\"pp-flipbox-back\">\n\t\t\t\t\t\t<div class=\"pp-flipbox-overlay\">\n\t\t\t\t<div class=\"pp-flipbox-inner\">\n\t\t\t\t\t\t\t\t\t\t\t<div class=\"pp-flipbox-icon-image-back pp-icon\">\n\t\t\t\t\t\t\t\t\t\t\t\t\t\t\t<i aria-hidden=\"true\" class=\"icon icon-diamond\"><\/i>\t\t\t\t\t\t\t\t\t\t\t\t\t<\/div>\n\t\t\t\t\t\n\t\t\t\t\t\t\t\t\t\t\t<h3 class=\"pp-flipbox-heading\">\n\t\t\t\t\t\t\tLA KYANITE\t\t\t\t\t\t<\/h3>\n\t\t\t\t\t\n\t\t\t\t\t<div class=\"pp-flipbox-content\">\n\t\t\t\t\t\tLa Kyanite (o Cianite) fu identificata per la prima volta dal gemmologo tedesco Abraham Gottlob Werner nel 1789; fino a quel momento, era stata considerata uno zaffiro blu Il nome Kyanite deriva dalla parola greca kyanos che significa \u201cblu profondo\u201d. La zona di estrazione pi\u00f9 importante \u00e8 lungo il fiume Kali Gandaki nel Nepal Centro Orientale.\nSi dice che indossare una Kyanite permetta una visione della vita pi\u00f9 intuitiva e libera grazie alla liberazione delle energie dell\u2019inconscio.\t\t\t\t\t<\/div>\n\n\t\t\t\t\t\t\t\t\t<\/div>\n\t\t\t<\/div>\n\t\t<\/div>\n\t\t\t\t\t<\/div>\n\t\t<\/div>\n\t\t\t\t\t\t<\/div>\n\t\t\t\t<\/div>\n\t\t\t\t\t<\/div>\n\t\t<\/div>\n\t\t\t\t\t<\/div>\n\t\t<\/section>\n\t\t\t\t<\/div>\n\t\t\n","protected":false},"excerpt":{"rendered":"<h4>Bracciale Raffinato Gufo Zaffiri<\/h4>\n<p style=\"text-align: left;\">I gufi volano in assoluto silenzio, sfruttando l\u2019oscurit\u00e0 per cacciare. Misteriose creature della notte, sono da sempre simbolo di grande saggezza.<\/p>\n<p data-path-to-node=\"4\">Il bracciale &#8220;<strong>Raffinato Gufo<\/strong>&#8221; \u00e8 un\u2019opera d\u2019arte orafa che cattura l\u2019essenza della saggezza e del mistero. Al centro di questa creazione in <strong>oro rosa<\/strong> e <strong>bianco<\/strong> 18kt, il volto del gufo emerge con un\u2019espressivit\u00e0 magnetica: lo sguardo \u00e8 reso vivo e penetrante grazie a due preziosi <b data-path-to-node=\"4\" data-index-in-node=\"277\">zaffiri<\/b> dal taglio rotondo sfaccettato. Queste pietre, provenienti dalle rinomate terre di <strong>Ceylon<\/strong>, non sono semplici gemme, ma frammenti di cielo notturno che donano al gioiello un\u2019anima profonda e regale.<br \/>\nLa scelta degli <b data-path-to-node=\"4\" data-index-in-node=\"499\">zaffiri<\/b> per rappresentare gli occhi del gufo richiama l&#8217;antica simbologia della chiaroveggenza e della protezione, rendendo questo bracciale un amuleto di rara eleganza.<\/p>\n<p data-path-to-node=\"5\">La narrazione visiva prosegue lungo la delicata catenella, dove due <b>cianiti <\/b>del Nepal con taglio a goccia sfaccettato sono legati con maestria orafa , creando punti di luce blu che danzano con ogni movimento del polso.<br \/>\nTuttavia, sono gli <b data-path-to-node=\"5\" data-index-in-node=\"380\">zaffiri<\/b> a dettare il carattere del gioiello: la loro tonalit\u00e0 intensa e vellutata trasforma un accessorio di lusso in un racconto di artigianalit\u00e0 e natura.<\/p>\n<p data-path-to-node=\"6\">Scegliere un gioiello adornato con <b data-path-to-node=\"6\" data-index-in-node=\"35\">zaffiri<\/b> significa abbracciare una tradizione millenaria legata alla verit\u00e0 e alla pace interiore. Che sia un regalo per una donna che ama distinguersi con dettagli simbolici o un auto-dono per celebrare la propria intuizione, questo bracciale con <b data-path-to-node=\"6\" data-index-in-node=\"282\">zaffiri<\/b> e cianite \u00e8 un inno alla bellezza consapevole.<\/p>\n<p data-path-to-node=\"6\">Lasciati avvolgere dal silenzioso volo del gufo e dalla luce eterna degli <b data-path-to-node=\"6\" data-index-in-node=\"411\">zaffiri<\/b>, per un\u2019eleganza che non conosce tempo n\u00e9 oscurit\u00e0.<\/p>\n","protected":false},"featured_media":24024,"template":"","meta":{"_acf_changed":false},"product_brand":[],"product_cat":[325],"product_tag":[],"class_list":{"0":"post-26031","1":"product","2":"type-product","3":"status-publish","4":"has-post-thumbnail","6":"product_cat-bracciali","7":"product_shipping_class-tutti-i-paesi-it","9":"first","10":"instock","11":"shipping-taxable","12":"purchasable","13":"product-type-simple"},"acf":[],"_links":{"self":[{"href":"https:\/\/www.silviakelly.it\/it\/wp-json\/wp\/v2\/product\/26031","targetHints":{"allow":["GET"]}}],"collection":[{"href":"https:\/\/www.silviakelly.it\/it\/wp-json\/wp\/v2\/product"}],"about":[{"href":"https:\/\/www.silviakelly.it\/it\/wp-json\/wp\/v2\/types\/product"}],"version-history":[{"count":5,"href":"https:\/\/www.silviakelly.it\/it\/wp-json\/wp\/v2\/product\/26031\/revisions"}],"predecessor-version":[{"id":38483,"href":"https:\/\/www.silviakelly.it\/it\/wp-json\/wp\/v2\/product\/26031\/revisions\/38483"}],"wp:featuredmedia":[{"embeddable":true,"href":"https:\/\/www.silviakelly.it\/it\/wp-json\/wp\/v2\/media\/24024"}],"wp:attachment":[{"href":"https:\/\/www.silviakelly.it\/it\/wp-json\/wp\/v2\/media?parent=26031"}],"wp:term":[{"taxonomy":"product_brand","embeddable":true,"href":"https:\/\/www.silviakelly.it\/it\/wp-json\/wp\/v2\/product_brand?post=26031"},{"taxonomy":"product_cat","embeddable":true,"href":"https:\/\/www.silviakelly.it\/it\/wp-json\/wp\/v2\/product_cat?post=26031"},{"taxonomy":"product_tag","embeddable":true,"href":"https:\/\/www.silviakelly.it\/it\/wp-json\/wp\/v2\/product_tag?post=26031"}],"curies":[{"name":"wp","href":"https:\/\/api.w.org\/{rel}","templated":true}]}}