{"id":26075,"date":"2021-04-19T05:16:08","date_gmt":"2021-04-19T05:16:08","guid":{"rendered":"https:\/\/www.silviakelly.it\/product\/girocollo-giuditta\/"},"modified":"2026-03-26T15:28:29","modified_gmt":"2026-03-26T15:28:29","slug":"girocollo-giuditta-rubini","status":"publish","type":"product","link":"https:\/\/www.silviakelly.it\/it\/prodotto\/girocollo-giuditta-rubini\/","title":{"rendered":"Giuditta Rubini"},"content":{"rendered":"\t\t<div data-elementor-type=\"page\" data-elementor-id=\"25783\" class=\"elementor elementor-25783 elementor-25356\" data-elementor-post-type=\"elementor_library\">\n\t\t\t\t\t\t<section class=\"elementor-section elementor-top-section elementor-element elementor-element-e68b9b7 elementor-section-full_width elementor-section-height-default elementor-section-height-default\" data-id=\"e68b9b7\" data-element_type=\"section\" data-e-type=\"section\">\n\t\t\t\t\t\t<div class=\"elementor-container elementor-column-gap-default\">\n\t\t\t\t\t<div class=\"elementor-column elementor-col-100 elementor-top-column elementor-element elementor-element-a0a2560\" data-id=\"a0a2560\" data-element_type=\"column\" data-e-type=\"column\">\n\t\t\t<div class=\"elementor-widget-wrap elementor-element-populated\">\n\t\t\t\t\t\t<div class=\"elementor-element elementor-element-7c0a3d4 elementor-widget elementor-widget-pp-flipbox\" data-id=\"7c0a3d4\" data-element_type=\"widget\" data-e-type=\"widget\" data-widget_type=\"pp-flipbox.default\">\n\t\t\t\t<div class=\"elementor-widget-container\">\n\t\t\t\t\t\t\t<div class=\"pp-flipbox-container pp-animate-fade pp-direction-\">\n\t\t\t<div class=\"pp-flipbox-flip-card\">\n\t\t\t\t\t\t<div class=\"pp-flipbox-front\">\n\t\t\t<div class=\"pp-flipbox-overlay\">\n\t\t\t\t<div class=\"pp-flipbox-inner\">\n\t\t\t\t\t<div class=\"pp-flipbox-icon-image pp-icon\">\n\t\t\t\t\t\t\t\t\t\t\t\t\t<i aria-hidden=\"true\" class=\"icon icon-diamond11\"><\/i>\t\t\t\t\t\t\t\t\t\t\t<\/div>\n\n\t\t\t\t\t<h3 class=\"pp-flipbox-heading\">\n\t\t\t\t\t\tIL RUBINO\t\t\t\t\t<\/h3>\n\n\t\t\t\t\t<div class=\"pp-flipbox-content\">\n\t\t\t\t\t\t\t\t\t\t\t<\/div>\n\t\t\t\t<\/div>\n\t\t\t<\/div>\n\t\t<\/div>\n\t\t\t\t<div class=\"pp-flipbox-back\">\n\t\t\t\t\t\t<div class=\"pp-flipbox-overlay\">\n\t\t\t\t<div class=\"pp-flipbox-inner\">\n\t\t\t\t\t\t\t\t\t\t\t<div class=\"pp-flipbox-icon-image-back pp-icon\">\n\t\t\t\t\t\t\t\t\t\t\t\t\t\t\t<i aria-hidden=\"true\" class=\"icon icon-diamond\"><\/i>\t\t\t\t\t\t\t\t\t\t\t\t\t<\/div>\n\t\t\t\t\t\n\t\t\t\t\t\t\t\t\t\t\t<h3 class=\"pp-flipbox-heading\">\n\t\t\t\t\t\t\tIL RUBINO\t\t\t\t\t\t<\/h3>\n\t\t\t\t\t\n\t\t\t\t\t<div class=\"pp-flipbox-content\">\n\t\t\t\t\t\tL\u2019origine del suo nome deriva dal suo colore, dal latino rubeus che significa rosso. Infatti, il rubino \u00e8 la variet\u00e0 rossa del corindone, una classe minerale che comprende anche lo zaffiro. \u00c8 una delle pietre preziose pi\u00f9 rare e storicamente le pi\u00f9 ricercate sono quelle provenienti dalla regione di Mogok, in Birmania (ora Myanmar). Diversi giacimenti di rubino si trovano anche in Africa orientale. Il rubino \u00e8 considerato la pietra dell\u2019amore passionale. Dotato di poteri misteriosi, allontanerebbe la tristezza e dormire con un rubino sotto il cuscino aiuterebbe a riposare meglio.\t\t\t\t\t<\/div>\n\n\t\t\t\t\t\t\t\t\t<\/div>\n\t\t\t<\/div>\n\t\t<\/div>\n\t\t\t\t\t<\/div>\n\t\t<\/div>\n\t\t\t\t\t\t<\/div>\n\t\t\t\t<\/div>\n\t\t\t\t\t<\/div>\n\t\t<\/div>\n\t\t\t\t\t<\/div>\n\t\t<\/section>\n\t\t\t\t<\/div>\n\t\t\n\t\t<div data-elementor-type=\"page\" data-elementor-id=\"25821\" class=\"elementor elementor-25821 elementor-25415\" data-elementor-post-type=\"elementor_library\">\n\t\t\t\t\t\t<section class=\"elementor-section elementor-top-section elementor-element elementor-element-e68b9b7 elementor-section-full_width elementor-section-height-default elementor-section-height-default\" data-id=\"e68b9b7\" data-element_type=\"section\" data-e-type=\"section\">\n\t\t\t\t\t\t<div class=\"elementor-container elementor-column-gap-default\">\n\t\t\t\t\t<div class=\"elementor-column elementor-col-100 elementor-top-column elementor-element elementor-element-a0a2560\" data-id=\"a0a2560\" data-element_type=\"column\" data-e-type=\"column\">\n\t\t\t<div class=\"elementor-widget-wrap elementor-element-populated\">\n\t\t\t\t\t\t<div class=\"elementor-element elementor-element-7c0a3d4 elementor-widget elementor-widget-pp-flipbox\" data-id=\"7c0a3d4\" data-element_type=\"widget\" data-e-type=\"widget\" data-widget_type=\"pp-flipbox.default\">\n\t\t\t\t<div class=\"elementor-widget-container\">\n\t\t\t\t\t\t\t<div class=\"pp-flipbox-container pp-animate-fade pp-direction-\">\n\t\t\t<div class=\"pp-flipbox-flip-card\">\n\t\t\t\t\t\t<div class=\"pp-flipbox-front\">\n\t\t\t<div class=\"pp-flipbox-overlay\">\n\t\t\t\t<div class=\"pp-flipbox-inner\">\n\t\t\t\t\t<div class=\"pp-flipbox-icon-image pp-icon\">\n\t\t\t\t\t\t\t\t\t\t\t\t\t<i aria-hidden=\"true\" class=\"icon icon-diamond11\"><\/i>\t\t\t\t\t\t\t\t\t\t\t<\/div>\n\n\t\t\t\t\t<h3 class=\"pp-flipbox-heading\">\n\t\t\t\t\t\tL\u2019 AGATA BIANCA E NERA\t\t\t\t\t<\/h3>\n\n\t\t\t\t\t<div class=\"pp-flipbox-content\">\n\t\t\t\t\t\t\t\t\t\t\t<\/div>\n\t\t\t\t<\/div>\n\t\t\t<\/div>\n\t\t<\/div>\n\t\t\t\t<div class=\"pp-flipbox-back\">\n\t\t\t\t\t\t<div class=\"pp-flipbox-overlay\">\n\t\t\t\t<div class=\"pp-flipbox-inner\">\n\t\t\t\t\t\t\t\t\t\t\t<div class=\"pp-flipbox-icon-image-back pp-icon\">\n\t\t\t\t\t\t\t\t\t\t\t\t\t\t\t<i aria-hidden=\"true\" class=\"icon icon-diamond\"><\/i>\t\t\t\t\t\t\t\t\t\t\t\t\t<\/div>\n\t\t\t\t\t\n\t\t\t\t\t\t\t\t\t\t\t<h3 class=\"pp-flipbox-heading\">\n\t\t\t\t\t\t\tL\u2019 AGATA BIANCA E NERA\t\t\t\t\t\t<\/h3>\n\t\t\t\t\t\n\t\t\t\t\t<div class=\"pp-flipbox-content\">\n\t\t\t\t\t\tIl nome Agata deriva dal fiume Achates in Sicilia, oggi chiamato Dirillo. L\u2019Agata \u00e8 una gemma molto ricercata fin dai tempi antichi, sia per la sua bellezza che per la sua durezza. Nel mondo delle gemme ha trovato il suo uso come pietra preziosa, come sigillo e come cammeo. Uno dei giacimenti pi\u00f9 famosi \u00e8 quello dell'Idar-Oberstein, dove l'agata viene raccolta fin dal 1548. \t\t\t\t\t<\/div>\n\n\t\t\t\t\t\t\t\t\t<\/div>\n\t\t\t<\/div>\n\t\t<\/div>\n\t\t\t\t\t<\/div>\n\t\t<\/div>\n\t\t\t\t\t\t<\/div>\n\t\t\t\t<\/div>\n\t\t\t\t\t<\/div>\n\t\t<\/div>\n\t\t\t\t\t<\/div>\n\t\t<\/section>\n\t\t\t\t<\/div>\n\t\t\n\t\t<div data-elementor-type=\"page\" data-elementor-id=\"25829\" class=\"elementor elementor-25829 elementor-25396\" data-elementor-post-type=\"elementor_library\">\n\t\t\t\t\t\t<section class=\"elementor-section elementor-top-section elementor-element elementor-element-e68b9b7 elementor-section-full_width elementor-section-height-default elementor-section-height-default\" data-id=\"e68b9b7\" data-element_type=\"section\" data-e-type=\"section\">\n\t\t\t\t\t\t<div class=\"elementor-container elementor-column-gap-default\">\n\t\t\t\t\t<div class=\"elementor-column elementor-col-100 elementor-top-column elementor-element elementor-element-a0a2560\" data-id=\"a0a2560\" data-element_type=\"column\" data-e-type=\"column\">\n\t\t\t<div class=\"elementor-widget-wrap elementor-element-populated\">\n\t\t\t\t\t\t<div class=\"elementor-element elementor-element-7c0a3d4 elementor-widget elementor-widget-pp-flipbox\" data-id=\"7c0a3d4\" data-element_type=\"widget\" data-e-type=\"widget\" data-widget_type=\"pp-flipbox.default\">\n\t\t\t\t<div class=\"elementor-widget-container\">\n\t\t\t\t\t\t\t<div class=\"pp-flipbox-container pp-animate-fade pp-direction-\">\n\t\t\t<div class=\"pp-flipbox-flip-card\">\n\t\t\t\t\t\t<div class=\"pp-flipbox-front\">\n\t\t\t<div class=\"pp-flipbox-overlay\">\n\t\t\t\t<div class=\"pp-flipbox-inner\">\n\t\t\t\t\t<div class=\"pp-flipbox-icon-image pp-icon\">\n\t\t\t\t\t\t\t\t\t\t\t\t\t<i aria-hidden=\"true\" class=\"icon icon-diamond11\"><\/i>\t\t\t\t\t\t\t\t\t\t\t<\/div>\n\n\t\t\t\t\t<h3 class=\"pp-flipbox-heading\">\n\t\t\t\t\t\tLA GIADA VERDE\t\t\t\t\t<\/h3>\n\n\t\t\t\t\t<div class=\"pp-flipbox-content\">\n\t\t\t\t\t\t\t\t\t\t\t<\/div>\n\t\t\t\t<\/div>\n\t\t\t<\/div>\n\t\t<\/div>\n\t\t\t\t<div class=\"pp-flipbox-back\">\n\t\t\t\t\t\t<div class=\"pp-flipbox-overlay\">\n\t\t\t\t<div class=\"pp-flipbox-inner\">\n\t\t\t\t\t\t\t\t\t\t\t<div class=\"pp-flipbox-icon-image-back pp-icon\">\n\t\t\t\t\t\t\t\t\t\t\t\t\t\t\t<i aria-hidden=\"true\" class=\"icon icon-diamond\"><\/i>\t\t\t\t\t\t\t\t\t\t\t\t\t<\/div>\n\t\t\t\t\t\n\t\t\t\t\t\t\t\t\t\t\t<h3 class=\"pp-flipbox-heading\">\n\t\t\t\t\t\t\tLA GIADA VERDE\t\t\t\t\t\t<\/h3>\n\t\t\t\t\t\n\t\t\t\t\t<div class=\"pp-flipbox-content\">\n\t\t\t\t\t\tOggi \u00e8 la giada giadeite ad essere considerata la vera giada (pi\u00f9 preziosa della nefrite perch\u00e9 ha un colore verde molto pi\u00f9 brillante e una maggiore traslucenza). Da sempre considerata in Cina gemma regale, il termine Yu (giada, in cinese) si usa per indicare qualcosa di prezioso, come per noi la parola oro. La giada giadeite si trova in Myanmar. Si dice che porti abbondanza, prosperit\u00e0, serenit\u00e0, saggezza, longevit\u00e0. Per migliaia di anni, la giada \u00e8 stata il simbolo dell'amore e della virt\u00f9.\t\t\t\t\t<\/div>\n\n\t\t\t\t\t\t\t\t\t<\/div>\n\t\t\t<\/div>\n\t\t<\/div>\n\t\t\t\t\t<\/div>\n\t\t<\/div>\n\t\t\t\t\t\t<\/div>\n\t\t\t\t<\/div>\n\t\t\t\t\t<\/div>\n\t\t<\/div>\n\t\t\t\t\t<\/div>\n\t\t<\/section>\n\t\t\t\t<\/div>\n\t\t\n","protected":false},"excerpt":{"rendered":"<h4>Girocollo Giuditta Rubini<\/h4>\n<p style=\"text-align: left;\">\u201cLa rivoluzione \u00e8 l\u2019armonia della forma e del colore e tutto esiste, e si muove, sotto una sola legge: la vita.\u201d \u2013 Frida Kahlo<\/p>\n<p data-path-to-node=\"4\"><b data-path-to-node=\"4\" data-index-in-node=\"0\">L&#8217;energia dei Rubini: il cuore pulsante del design Giuditta<\/b><\/p>\n<p data-path-to-node=\"5\">Il fascino dei <b data-path-to-node=\"5\" data-index-in-node=\"15\">rubini<\/b> \u00e8 da sempre sinonimo di passione, forza vitale ed eleganza regale. Nel Girocollo <strong>Giuditta<\/strong> firmato Silvia Kelly, questa pietra preziosa diventa il cardine di una composizione cromatica audace e raffinata. Abbiamo selezionato con cura 3,5 carati di rondelle di <b data-path-to-node=\"5\" data-index-in-node=\"281\">rubini<\/b> di provenienza brasiliana, scelte per la loro tonalit\u00e0 vibrante che cattura la luce restituendo riflessi caldi e magnetici. Indossare un gioiello impreziosito da questa magnifica pietra\u00a0significa scegliere una gemma che non passa mai inosservata, capace di conferire un tocco di determinazione e luce a ogni sguardo, celebrando la bellezza autentica delle pietre naturali pi\u00f9 amate al mondo.<\/p>\n<p data-path-to-node=\"6\"><b data-path-to-node=\"6\" data-index-in-node=\"0\">Un&#8217;architettura multiculturale: Rubini, Agata Nera e Giada<\/b><\/p>\n<p data-path-to-node=\"7\">La particolarit\u00e0 del modello Giuditta risiede nel dialogo armonioso tra gemme di diversa natura e provenienza, unite dalla nostra sapienza orafa. Accanto all&#8217;intensit\u00e0 dei <b data-path-to-node=\"7\" data-index-in-node=\"172\">rubini<\/b>, troviamo le eleganti creole di <strong>agata nera<\/strong> provenienti dalla Germania, che con la loro densit\u00e0 notturna creano un contrasto perfetto per far risaltare il rosso della pietra principale. A completare questa sinfonia materica intervengono i cilindri di <strong>giada<\/strong> birmana, che apportano una nota di freschezza e equilibrio visivo. Questa alternanza tra le pietre e l&#8217;oro 18kt\u00a0 trasforma il girocollo in una struttura scultorea, dove ogni elemento \u00e8 incastonato per garantire un ritmo visivo dinamico e una vestibilit\u00e0 che segue con dolcezza le linee del corpo.<\/p>\n<p data-path-to-node=\"8\"><b data-path-to-node=\"8\" data-index-in-node=\"0\">Oltre 50 anni di maestria artigianale a Lecco<\/b><\/p>\n<p data-path-to-node=\"9\">Realizzare un gioiello cos\u00ec articolato, dove i <b data-path-to-node=\"9\" data-index-in-node=\"47\">rubini<\/b> devono convivere con volumi e tagli differenti come quelli della giada e dell&#8217;agata, richiede una perizia tecnica che solo decenni di lavoro al banchetto possono offrire. Presso il nostro <strong>laboratorio<\/strong> <strong>artigianale<\/strong> di Lecco, ogni Girocollo Giuditta nasce da una ricerca meticolosa dei materiali e da una lavorazione interamente <b data-path-to-node=\"9\" data-index-in-node=\"379\">Made in Italy<\/b>. Dal 1970, Silvia Kelly garantisce che ogni singola rondella di <b data-path-to-node=\"9\" data-index-in-node=\"493\">rubini<\/b> sia montata con precisione millimetrica, assicurando un gioiello solido e destinato a durare nel tempo.<\/p>\n<p data-path-to-node=\"9\">Vi aspettiamo nel nostro atelier sul <strong>Lago di Como<\/strong> per toccare con mano la matericit\u00e0 di questa creazione, dove la rarit\u00e0 dei <b data-path-to-node=\"9\" data-index-in-node=\"728\">rubini<\/b> incontra l&#8217;eccellenza della manifattura orafa italiana.<\/p>\n","protected":false},"featured_media":23930,"template":"","meta":{"_acf_changed":false},"product_brand":[],"product_cat":[419],"product_tag":[],"class_list":{"0":"post-26075","1":"product","2":"type-product","3":"status-publish","4":"has-post-thumbnail","6":"product_cat-girocolli","7":"product_shipping_class-tutti-i-paesi-it","9":"first","10":"instock","11":"shipping-taxable","12":"purchasable","13":"product-type-simple"},"acf":[],"_links":{"self":[{"href":"https:\/\/www.silviakelly.it\/it\/wp-json\/wp\/v2\/product\/26075","targetHints":{"allow":["GET"]}}],"collection":[{"href":"https:\/\/www.silviakelly.it\/it\/wp-json\/wp\/v2\/product"}],"about":[{"href":"https:\/\/www.silviakelly.it\/it\/wp-json\/wp\/v2\/types\/product"}],"version-history":[{"count":5,"href":"https:\/\/www.silviakelly.it\/it\/wp-json\/wp\/v2\/product\/26075\/revisions"}],"predecessor-version":[{"id":39369,"href":"https:\/\/www.silviakelly.it\/it\/wp-json\/wp\/v2\/product\/26075\/revisions\/39369"}],"wp:featuredmedia":[{"embeddable":true,"href":"https:\/\/www.silviakelly.it\/it\/wp-json\/wp\/v2\/media\/23930"}],"wp:attachment":[{"href":"https:\/\/www.silviakelly.it\/it\/wp-json\/wp\/v2\/media?parent=26075"}],"wp:term":[{"taxonomy":"product_brand","embeddable":true,"href":"https:\/\/www.silviakelly.it\/it\/wp-json\/wp\/v2\/product_brand?post=26075"},{"taxonomy":"product_cat","embeddable":true,"href":"https:\/\/www.silviakelly.it\/it\/wp-json\/wp\/v2\/product_cat?post=26075"},{"taxonomy":"product_tag","embeddable":true,"href":"https:\/\/www.silviakelly.it\/it\/wp-json\/wp\/v2\/product_tag?post=26075"}],"curies":[{"name":"wp","href":"https:\/\/api.w.org\/{rel}","templated":true}]}}