{"id":26080,"date":"2021-04-19T05:17:17","date_gmt":"2021-04-19T05:17:17","guid":{"rendered":"https:\/\/www.silviakelly.it\/product\/collana-giada-ilenia\/"},"modified":"2026-03-11T13:11:43","modified_gmt":"2026-03-11T13:11:43","slug":"collana-ilenia-tanzanite","status":"publish","type":"product","link":"https:\/\/www.silviakelly.it\/it\/prodotto\/collana-ilenia-tanzanite\/","title":{"rendered":"Ilenia Tanzanite"},"content":{"rendered":"\t\t<div data-elementor-type=\"page\" data-elementor-id=\"25839\" class=\"elementor elementor-25839 elementor-25390\" data-elementor-post-type=\"elementor_library\">\n\t\t\t\t\t\t<section class=\"elementor-section elementor-top-section elementor-element elementor-element-e68b9b7 elementor-section-full_width elementor-section-height-default elementor-section-height-default\" data-id=\"e68b9b7\" data-element_type=\"section\" data-e-type=\"section\">\n\t\t\t\t\t\t<div class=\"elementor-container elementor-column-gap-default\">\n\t\t\t\t\t<div class=\"elementor-column elementor-col-100 elementor-top-column elementor-element elementor-element-a0a2560\" data-id=\"a0a2560\" data-element_type=\"column\" data-e-type=\"column\">\n\t\t\t<div class=\"elementor-widget-wrap elementor-element-populated\">\n\t\t\t\t\t\t<div class=\"elementor-element elementor-element-7c0a3d4 elementor-widget elementor-widget-pp-flipbox\" data-id=\"7c0a3d4\" data-element_type=\"widget\" data-e-type=\"widget\" data-widget_type=\"pp-flipbox.default\">\n\t\t\t\t<div class=\"elementor-widget-container\">\n\t\t\t\t\t\t\t<div class=\"pp-flipbox-container pp-animate-fade pp-direction-\">\n\t\t\t<div class=\"pp-flipbox-flip-card\">\n\t\t\t\t\t\t<div class=\"pp-flipbox-front\">\n\t\t\t<div class=\"pp-flipbox-overlay\">\n\t\t\t\t<div class=\"pp-flipbox-inner\">\n\t\t\t\t\t<div class=\"pp-flipbox-icon-image pp-icon\">\n\t\t\t\t\t\t\t\t\t\t\t\t\t<i aria-hidden=\"true\" class=\"icon icon-diamond11\"><\/i>\t\t\t\t\t\t\t\t\t\t\t<\/div>\n\n\t\t\t\t\t<h3 class=\"pp-flipbox-heading\">\n\t\t\t\t\t\tLA TANZANITE\t\t\t\t\t<\/h3>\n\n\t\t\t\t\t<div class=\"pp-flipbox-content\">\n\t\t\t\t\t\t\t\t\t\t\t<\/div>\n\t\t\t\t<\/div>\n\t\t\t<\/div>\n\t\t<\/div>\n\t\t\t\t<div class=\"pp-flipbox-back\">\n\t\t\t\t\t\t<div class=\"pp-flipbox-overlay\">\n\t\t\t\t<div class=\"pp-flipbox-inner\">\n\t\t\t\t\t\t\t\t\t\t\t<div class=\"pp-flipbox-icon-image-back pp-icon\">\n\t\t\t\t\t\t\t\t\t\t\t\t\t\t\t<i aria-hidden=\"true\" class=\"icon icon-diamond\"><\/i>\t\t\t\t\t\t\t\t\t\t\t\t\t<\/div>\n\t\t\t\t\t\n\t\t\t\t\t\t\t\t\t\t\t<h3 class=\"pp-flipbox-heading\">\n\t\t\t\t\t\t\tLA TANZANITE\t\t\t\t\t\t<\/h3>\n\t\t\t\t\t\n\t\t\t\t\t<div class=\"pp-flipbox-content\">\n\t\t\t\t\t\tUn esperto di gemme us\u00f2 queste parole per descrivere questa pietra: \u201cla tanzanite appare come uno zaffiro desidererebbe essere\u201d. Pietra molto preziosa, perch\u00e9 considerata mille volte pi\u00f9 rara di un diamante, il suo nome deriva dalla Tanzania. Alle pendici del Kilimangiaro, infatti, si trova l\u2019unico giacimento al mondo di questa pietra. Si dice che rappresenti la vitalit\u00e0 e l\u2019energia e, indossata, apporti ottimi benefici a corpo, mente e spirito.\n\t\t\t\t\t<\/div>\n\n\t\t\t\t\t\t\t\t\t<\/div>\n\t\t\t<\/div>\n\t\t<\/div>\n\t\t\t\t\t<\/div>\n\t\t<\/div>\n\t\t\t\t\t\t<\/div>\n\t\t\t\t<\/div>\n\t\t\t\t\t<\/div>\n\t\t<\/div>\n\t\t\t\t\t<\/div>\n\t\t<\/section>\n\t\t\t\t<\/div>\n\t\t\n\t\t<div data-elementor-type=\"page\" data-elementor-id=\"25829\" class=\"elementor elementor-25829 elementor-25396\" data-elementor-post-type=\"elementor_library\">\n\t\t\t\t\t\t<section class=\"elementor-section elementor-top-section elementor-element elementor-element-e68b9b7 elementor-section-full_width elementor-section-height-default elementor-section-height-default\" data-id=\"e68b9b7\" data-element_type=\"section\" data-e-type=\"section\">\n\t\t\t\t\t\t<div class=\"elementor-container elementor-column-gap-default\">\n\t\t\t\t\t<div class=\"elementor-column elementor-col-100 elementor-top-column elementor-element elementor-element-a0a2560\" data-id=\"a0a2560\" data-element_type=\"column\" data-e-type=\"column\">\n\t\t\t<div class=\"elementor-widget-wrap elementor-element-populated\">\n\t\t\t\t\t\t<div class=\"elementor-element elementor-element-7c0a3d4 elementor-widget elementor-widget-pp-flipbox\" data-id=\"7c0a3d4\" data-element_type=\"widget\" data-e-type=\"widget\" data-widget_type=\"pp-flipbox.default\">\n\t\t\t\t<div class=\"elementor-widget-container\">\n\t\t\t\t\t\t\t<div class=\"pp-flipbox-container pp-animate-fade pp-direction-\">\n\t\t\t<div class=\"pp-flipbox-flip-card\">\n\t\t\t\t\t\t<div class=\"pp-flipbox-front\">\n\t\t\t<div class=\"pp-flipbox-overlay\">\n\t\t\t\t<div class=\"pp-flipbox-inner\">\n\t\t\t\t\t<div class=\"pp-flipbox-icon-image pp-icon\">\n\t\t\t\t\t\t\t\t\t\t\t\t\t<i aria-hidden=\"true\" class=\"icon icon-diamond11\"><\/i>\t\t\t\t\t\t\t\t\t\t\t<\/div>\n\n\t\t\t\t\t<h3 class=\"pp-flipbox-heading\">\n\t\t\t\t\t\tLA GIADA VERDE\t\t\t\t\t<\/h3>\n\n\t\t\t\t\t<div class=\"pp-flipbox-content\">\n\t\t\t\t\t\t\t\t\t\t\t<\/div>\n\t\t\t\t<\/div>\n\t\t\t<\/div>\n\t\t<\/div>\n\t\t\t\t<div class=\"pp-flipbox-back\">\n\t\t\t\t\t\t<div class=\"pp-flipbox-overlay\">\n\t\t\t\t<div class=\"pp-flipbox-inner\">\n\t\t\t\t\t\t\t\t\t\t\t<div class=\"pp-flipbox-icon-image-back pp-icon\">\n\t\t\t\t\t\t\t\t\t\t\t\t\t\t\t<i aria-hidden=\"true\" class=\"icon icon-diamond\"><\/i>\t\t\t\t\t\t\t\t\t\t\t\t\t<\/div>\n\t\t\t\t\t\n\t\t\t\t\t\t\t\t\t\t\t<h3 class=\"pp-flipbox-heading\">\n\t\t\t\t\t\t\tLA GIADA VERDE\t\t\t\t\t\t<\/h3>\n\t\t\t\t\t\n\t\t\t\t\t<div class=\"pp-flipbox-content\">\n\t\t\t\t\t\tOggi \u00e8 la giada giadeite ad essere considerata la vera giada (pi\u00f9 preziosa della nefrite perch\u00e9 ha un colore verde molto pi\u00f9 brillante e una maggiore traslucenza). Da sempre considerata in Cina gemma regale, il termine Yu (giada, in cinese) si usa per indicare qualcosa di prezioso, come per noi la parola oro. La giada giadeite si trova in Myanmar. Si dice che porti abbondanza, prosperit\u00e0, serenit\u00e0, saggezza, longevit\u00e0. Per migliaia di anni, la giada \u00e8 stata il simbolo dell'amore e della virt\u00f9.\t\t\t\t\t<\/div>\n\n\t\t\t\t\t\t\t\t\t<\/div>\n\t\t\t<\/div>\n\t\t<\/div>\n\t\t\t\t\t<\/div>\n\t\t<\/div>\n\t\t\t\t\t\t<\/div>\n\t\t\t\t<\/div>\n\t\t\t\t\t<\/div>\n\t\t<\/div>\n\t\t\t\t\t<\/div>\n\t\t<\/section>\n\t\t\t\t<\/div>\n\t\t\n","protected":false},"excerpt":{"rendered":"<h4>Collana Ilenia Tanzanite<\/h4>\n<p style=\"text-align: left;\">\u201cLe collane, di qualunque tipo siano, sono le regine dei gioielli. E non c\u2019\u00e8 nulla che renda speciale un abito cos\u00ec come un girocollo attraente e indovinato.\u201d \u2013 Paola Jacobbi<\/p>\n<p data-path-to-node=\"3\">Partendo dalle parole di Paola Jacobbi, la <b data-path-to-node=\"3\" data-index-in-node=\"43\">Collana Ilenia<\/b> incarna perfettamente quell&#8217;idea di &#8220;girocollo attraente e indovinato&#8221; capace di trasformare radicalmente qualsiasi outfit. Il cuore pulsante di questa creazione \u00e8 la <b data-path-to-node=\"3\" data-index-in-node=\"225\">tanzanite<\/b>, una gemma tra le pi\u00f9 rare e affascinanti al mondo, nota per le sue sfumature che oscillano tra il blu profondo e il viola vellutato. In questo gioiello, la <b data-path-to-node=\"3\" data-index-in-node=\"392\">tanzanite<\/b> \u00e8 presentata in raffinate rondelle che catturano la luce a ogni movimento, creando un contrasto magnetico con la delicatezza delle sfere di giada.<\/p>\n<p data-path-to-node=\"4\">L\u2019architettura cromatica \u00e8 ulteriormente impreziosita dall\u2019accostamento sapiente dell\u2019<b data-path-to-node=\"4\" data-index-in-node=\"86\">oro rosa<\/b> e dell\u2019<b data-path-to-node=\"4\" data-index-in-node=\"102\">oro bianco<\/b>. Mentre l&#8217;oro bianco esalta la brillantezza fredda e cristallina della <b data-path-to-node=\"4\" data-index-in-node=\"184\">tanzanite<\/b>, l&#8217;oro rosa scalda l&#8217;insieme, conferendo una nota romantica e contemporanea. Scegliere un gioiello con questa pietra non significa solo indossare un accessorio di lusso, ma possedere un frammento di rarit\u00e0 geologica: la <b data-path-to-node=\"4\" data-index-in-node=\"414\">tanzanite<\/b> si trova infatti in un unico luogo al mondo, ai piedi del Kilimangiaro, rendendo questa collana un pezzo da collezione.<\/p>\n<p data-path-to-node=\"5\">Che sia indossata su un abito elegante o per impreziosire un look quotidiano, la Collana Ilenia \u00e8 l&#8217;accessorio definitivo per chi cerca un\u2019eleganza distintiva e mai scontata. La combinazione tra la forza spirituale della giada e il mistero della <b data-path-to-node=\"5\" data-index-in-node=\"246\">tanzanite<\/b> rende questo girocollo una vera &#8220;regina&#8221; del tuo portagioie.<\/p>\n","protected":false},"featured_media":24008,"template":"","meta":{"_acf_changed":false},"product_brand":[],"product_cat":[447],"product_tag":[],"class_list":{"0":"post-26080","1":"product","2":"type-product","3":"status-publish","4":"has-post-thumbnail","6":"product_cat-collane","7":"product_shipping_class-tutti-i-paesi-it","9":"first","10":"instock","11":"shipping-taxable","12":"purchasable","13":"product-type-simple"},"acf":[],"_links":{"self":[{"href":"https:\/\/www.silviakelly.it\/it\/wp-json\/wp\/v2\/product\/26080","targetHints":{"allow":["GET"]}}],"collection":[{"href":"https:\/\/www.silviakelly.it\/it\/wp-json\/wp\/v2\/product"}],"about":[{"href":"https:\/\/www.silviakelly.it\/it\/wp-json\/wp\/v2\/types\/product"}],"version-history":[{"count":6,"href":"https:\/\/www.silviakelly.it\/it\/wp-json\/wp\/v2\/product\/26080\/revisions"}],"predecessor-version":[{"id":38373,"href":"https:\/\/www.silviakelly.it\/it\/wp-json\/wp\/v2\/product\/26080\/revisions\/38373"}],"wp:featuredmedia":[{"embeddable":true,"href":"https:\/\/www.silviakelly.it\/it\/wp-json\/wp\/v2\/media\/24008"}],"wp:attachment":[{"href":"https:\/\/www.silviakelly.it\/it\/wp-json\/wp\/v2\/media?parent=26080"}],"wp:term":[{"taxonomy":"product_brand","embeddable":true,"href":"https:\/\/www.silviakelly.it\/it\/wp-json\/wp\/v2\/product_brand?post=26080"},{"taxonomy":"product_cat","embeddable":true,"href":"https:\/\/www.silviakelly.it\/it\/wp-json\/wp\/v2\/product_cat?post=26080"},{"taxonomy":"product_tag","embeddable":true,"href":"https:\/\/www.silviakelly.it\/it\/wp-json\/wp\/v2\/product_tag?post=26080"}],"curies":[{"name":"wp","href":"https:\/\/api.w.org\/{rel}","templated":true}]}}