{"id":26085,"date":"2021-04-19T05:16:54","date_gmt":"2021-04-19T05:16:54","guid":{"rendered":"https:\/\/www.silviakelly.it\/product\/collana-glenda\/"},"modified":"2026-03-11T13:54:53","modified_gmt":"2026-03-11T13:54:53","slug":"collana-glenda-cianite","status":"publish","type":"product","link":"https:\/\/www.silviakelly.it\/it\/prodotto\/collana-glenda-cianite\/","title":{"rendered":"Glenda Cianite"},"content":{"rendered":"\t\t<div data-elementor-type=\"page\" data-elementor-id=\"25839\" class=\"elementor elementor-25839 elementor-25390\" data-elementor-post-type=\"elementor_library\">\n\t\t\t\t\t\t<section class=\"elementor-section elementor-top-section elementor-element elementor-element-e68b9b7 elementor-section-full_width elementor-section-height-default elementor-section-height-default\" data-id=\"e68b9b7\" data-element_type=\"section\" data-e-type=\"section\">\n\t\t\t\t\t\t<div class=\"elementor-container elementor-column-gap-default\">\n\t\t\t\t\t<div class=\"elementor-column elementor-col-100 elementor-top-column elementor-element elementor-element-a0a2560\" data-id=\"a0a2560\" data-element_type=\"column\" data-e-type=\"column\">\n\t\t\t<div class=\"elementor-widget-wrap elementor-element-populated\">\n\t\t\t\t\t\t<div class=\"elementor-element elementor-element-7c0a3d4 elementor-widget elementor-widget-pp-flipbox\" data-id=\"7c0a3d4\" data-element_type=\"widget\" data-e-type=\"widget\" data-widget_type=\"pp-flipbox.default\">\n\t\t\t\t<div class=\"elementor-widget-container\">\n\t\t\t\t\t\t\t<div class=\"pp-flipbox-container pp-animate-fade pp-direction-\">\n\t\t\t<div class=\"pp-flipbox-flip-card\">\n\t\t\t\t\t\t<div class=\"pp-flipbox-front\">\n\t\t\t<div class=\"pp-flipbox-overlay\">\n\t\t\t\t<div class=\"pp-flipbox-inner\">\n\t\t\t\t\t<div class=\"pp-flipbox-icon-image pp-icon\">\n\t\t\t\t\t\t\t\t\t\t\t\t\t<i aria-hidden=\"true\" class=\"icon icon-diamond11\"><\/i>\t\t\t\t\t\t\t\t\t\t\t<\/div>\n\n\t\t\t\t\t<h3 class=\"pp-flipbox-heading\">\n\t\t\t\t\t\tLA TANZANITE\t\t\t\t\t<\/h3>\n\n\t\t\t\t\t<div class=\"pp-flipbox-content\">\n\t\t\t\t\t\t\t\t\t\t\t<\/div>\n\t\t\t\t<\/div>\n\t\t\t<\/div>\n\t\t<\/div>\n\t\t\t\t<div class=\"pp-flipbox-back\">\n\t\t\t\t\t\t<div class=\"pp-flipbox-overlay\">\n\t\t\t\t<div class=\"pp-flipbox-inner\">\n\t\t\t\t\t\t\t\t\t\t\t<div class=\"pp-flipbox-icon-image-back pp-icon\">\n\t\t\t\t\t\t\t\t\t\t\t\t\t\t\t<i aria-hidden=\"true\" class=\"icon icon-diamond\"><\/i>\t\t\t\t\t\t\t\t\t\t\t\t\t<\/div>\n\t\t\t\t\t\n\t\t\t\t\t\t\t\t\t\t\t<h3 class=\"pp-flipbox-heading\">\n\t\t\t\t\t\t\tLA TANZANITE\t\t\t\t\t\t<\/h3>\n\t\t\t\t\t\n\t\t\t\t\t<div class=\"pp-flipbox-content\">\n\t\t\t\t\t\tUn esperto di gemme us\u00f2 queste parole per descrivere questa pietra: \u201cla tanzanite appare come uno zaffiro desidererebbe essere\u201d. Pietra molto preziosa, perch\u00e9 considerata mille volte pi\u00f9 rara di un diamante, il suo nome deriva dalla Tanzania. Alle pendici del Kilimangiaro, infatti, si trova l\u2019unico giacimento al mondo di questa pietra. Si dice che rappresenti la vitalit\u00e0 e l\u2019energia e, indossata, apporti ottimi benefici a corpo, mente e spirito.\n\t\t\t\t\t<\/div>\n\n\t\t\t\t\t\t\t\t\t<\/div>\n\t\t\t<\/div>\n\t\t<\/div>\n\t\t\t\t\t<\/div>\n\t\t<\/div>\n\t\t\t\t\t\t<\/div>\n\t\t\t\t<\/div>\n\t\t\t\t\t<\/div>\n\t\t<\/div>\n\t\t\t\t\t<\/div>\n\t\t<\/section>\n\t\t\t\t<\/div>\n\t\t\n\t\t<div data-elementor-type=\"page\" data-elementor-id=\"25825\" class=\"elementor elementor-25825 elementor-25402\" data-elementor-post-type=\"elementor_library\">\n\t\t\t\t\t\t<section class=\"elementor-section elementor-top-section elementor-element elementor-element-e68b9b7 elementor-section-full_width elementor-section-height-default elementor-section-height-default\" data-id=\"e68b9b7\" data-element_type=\"section\" data-e-type=\"section\">\n\t\t\t\t\t\t<div class=\"elementor-container elementor-column-gap-default\">\n\t\t\t\t\t<div class=\"elementor-column elementor-col-100 elementor-top-column elementor-element elementor-element-a0a2560\" data-id=\"a0a2560\" data-element_type=\"column\" data-e-type=\"column\">\n\t\t\t<div class=\"elementor-widget-wrap elementor-element-populated\">\n\t\t\t\t\t\t<div class=\"elementor-element elementor-element-7c0a3d4 elementor-widget elementor-widget-pp-flipbox\" data-id=\"7c0a3d4\" data-element_type=\"widget\" data-e-type=\"widget\" data-widget_type=\"pp-flipbox.default\">\n\t\t\t\t<div class=\"elementor-widget-container\">\n\t\t\t\t\t\t\t<div class=\"pp-flipbox-container pp-animate-fade pp-direction-\">\n\t\t\t<div class=\"pp-flipbox-flip-card\">\n\t\t\t\t\t\t<div class=\"pp-flipbox-front\">\n\t\t\t<div class=\"pp-flipbox-overlay\">\n\t\t\t\t<div class=\"pp-flipbox-inner\">\n\t\t\t\t\t<div class=\"pp-flipbox-icon-image pp-icon\">\n\t\t\t\t\t\t\t\t\t\t\t\t\t<i aria-hidden=\"true\" class=\"icon icon-diamond11\"><\/i>\t\t\t\t\t\t\t\t\t\t\t<\/div>\n\n\t\t\t\t\t<h3 class=\"pp-flipbox-heading\">\n\t\t\t\t\t\tLA KYANITE\t\t\t\t\t<\/h3>\n\n\t\t\t\t\t<div class=\"pp-flipbox-content\">\n\t\t\t\t\t\t\t\t\t\t\t<\/div>\n\t\t\t\t<\/div>\n\t\t\t<\/div>\n\t\t<\/div>\n\t\t\t\t<div class=\"pp-flipbox-back\">\n\t\t\t\t\t\t<div class=\"pp-flipbox-overlay\">\n\t\t\t\t<div class=\"pp-flipbox-inner\">\n\t\t\t\t\t\t\t\t\t\t\t<div class=\"pp-flipbox-icon-image-back pp-icon\">\n\t\t\t\t\t\t\t\t\t\t\t\t\t\t\t<i aria-hidden=\"true\" class=\"icon icon-diamond\"><\/i>\t\t\t\t\t\t\t\t\t\t\t\t\t<\/div>\n\t\t\t\t\t\n\t\t\t\t\t\t\t\t\t\t\t<h3 class=\"pp-flipbox-heading\">\n\t\t\t\t\t\t\tLA KYANITE\t\t\t\t\t\t<\/h3>\n\t\t\t\t\t\n\t\t\t\t\t<div class=\"pp-flipbox-content\">\n\t\t\t\t\t\tLa Kyanite (o Cianite) fu identificata per la prima volta dal gemmologo tedesco Abraham Gottlob Werner nel 1789; fino a quel momento, era stata considerata uno zaffiro blu Il nome Kyanite deriva dalla parola greca kyanos che significa \u201cblu profondo\u201d. La zona di estrazione pi\u00f9 importante \u00e8 lungo il fiume Kali Gandaki nel Nepal Centro Orientale.\nSi dice che indossare una Kyanite permetta una visione della vita pi\u00f9 intuitiva e libera grazie alla liberazione delle energie dell\u2019inconscio.\t\t\t\t\t<\/div>\n\n\t\t\t\t\t\t\t\t\t<\/div>\n\t\t\t<\/div>\n\t\t<\/div>\n\t\t\t\t\t<\/div>\n\t\t<\/div>\n\t\t\t\t\t\t<\/div>\n\t\t\t\t<\/div>\n\t\t\t\t\t<\/div>\n\t\t<\/div>\n\t\t\t\t\t<\/div>\n\t\t<\/section>\n\t\t\t\t<\/div>\n\t\t\n","protected":false},"excerpt":{"rendered":"<h4>Collana Glenda Cianite<\/h4>\n<p style=\"text-align: left;\">Sensazioni principali del blu: affidabilit\u00e0, produttivit\u00e0, stabilit\u00e0, fiducia, sincerit\u00e0, pazienza, saggezza, lealt\u00e0, calma e tranquillit\u00e0.<\/p>\n<p data-path-to-node=\"2\">La <b data-path-to-node=\"2\" data-index-in-node=\"3\">Collana Glenda<\/b> non \u00e8 solo un gioiello, ma un viaggio sensoriale nelle sfumature pi\u00f9 nobili del blu, progettata per la donna che ricerca <b data-path-to-node=\"2\" data-index-in-node=\"139\">affidabilit\u00e0<\/b> e <b data-path-to-node=\"2\" data-index-in-node=\"154\">stabilit\u00e0<\/b> nel proprio stile quotidiano.<br \/>\nIl design raffinato si sviluppa su un sofisticato intreccio di <b data-path-to-node=\"2\" data-index-in-node=\"257\">oro rosa e bianco<\/b>, un contrasto metallico che esalta la luce naturale delle pietre preziose.<br \/>\nAl cuore di questa creazione troviamo la <b data-path-to-node=\"2\" data-index-in-node=\"403\">Cianite<\/b>, una gemma straordinaria celebre per le sue propriet\u00e0 distensive e per la capacit\u00e0 di stimolare la <b data-path-to-node=\"2\" data-index-in-node=\"510\">sincerit\u00e0<\/b> e la <b data-path-to-node=\"2\" data-index-in-node=\"525\">saggezza<\/b> interiore.<\/p>\n<p data-path-to-node=\"3\">La <b data-path-to-node=\"3\" data-index-in-node=\"3\">Cianite<\/b>, con le sue venature profonde e magnetiche, agisce come un catalizzatore di <b data-path-to-node=\"3\" data-index-in-node=\"87\">calma e tranquillit\u00e0<\/b>, rendendo questa collana l\u2019accessorio perfetto per chi desidera trasmettere un\u2019immagine di <b data-path-to-node=\"3\" data-index-in-node=\"199\">fiducia<\/b> e <b data-path-to-node=\"3\" data-index-in-node=\"209\">lealt\u00e0<\/b>. Accanto alla <b data-path-to-node=\"3\" data-index-in-node=\"230\">Cianite<\/b>, le sfere di tanzanite aggiungono una nota di vibrante produttivit\u00e0 e <strong>mistero<\/strong>, mentre le perle di acqua dolce infondono un senso di <b data-path-to-node=\"3\" data-index-in-node=\"370\">pazienza<\/b> e purezza senza tempo. Indossare la <strong>Collana Glenda<\/strong> significa scegliere un amuleto di eleganza che parla di equilibrio e forza gentile. La combinazione cromatica tra i riflessi cerulei della <b data-path-to-node=\"3\" data-index-in-node=\"569\">Cianite<\/b> e il calore dell&#8217;oro rosa crea un&#8217;armonia visiva che cattura lo sguardo, garantendo una presenza impeccabile in ogni occasione professionale o mondana.<br \/>\nScegli la maestria <strong>artigianale<\/strong> e lasciati avvolgere dalle sensazioni positive di un gioiello nato per <strong>sognare<\/strong>.<\/p>\n","protected":false},"featured_media":23985,"template":"","meta":{"_acf_changed":false},"product_brand":[],"product_cat":[447],"product_tag":[],"class_list":{"0":"post-26085","1":"product","2":"type-product","3":"status-publish","4":"has-post-thumbnail","6":"product_cat-collane","7":"product_shipping_class-tutti-i-paesi-it","9":"first","10":"instock","11":"shipping-taxable","12":"purchasable","13":"product-type-simple"},"acf":[],"_links":{"self":[{"href":"https:\/\/www.silviakelly.it\/it\/wp-json\/wp\/v2\/product\/26085","targetHints":{"allow":["GET"]}}],"collection":[{"href":"https:\/\/www.silviakelly.it\/it\/wp-json\/wp\/v2\/product"}],"about":[{"href":"https:\/\/www.silviakelly.it\/it\/wp-json\/wp\/v2\/types\/product"}],"version-history":[{"count":6,"href":"https:\/\/www.silviakelly.it\/it\/wp-json\/wp\/v2\/product\/26085\/revisions"}],"predecessor-version":[{"id":38397,"href":"https:\/\/www.silviakelly.it\/it\/wp-json\/wp\/v2\/product\/26085\/revisions\/38397"}],"wp:featuredmedia":[{"embeddable":true,"href":"https:\/\/www.silviakelly.it\/it\/wp-json\/wp\/v2\/media\/23985"}],"wp:attachment":[{"href":"https:\/\/www.silviakelly.it\/it\/wp-json\/wp\/v2\/media?parent=26085"}],"wp:term":[{"taxonomy":"product_brand","embeddable":true,"href":"https:\/\/www.silviakelly.it\/it\/wp-json\/wp\/v2\/product_brand?post=26085"},{"taxonomy":"product_cat","embeddable":true,"href":"https:\/\/www.silviakelly.it\/it\/wp-json\/wp\/v2\/product_cat?post=26085"},{"taxonomy":"product_tag","embeddable":true,"href":"https:\/\/www.silviakelly.it\/it\/wp-json\/wp\/v2\/product_tag?post=26085"}],"curies":[{"name":"wp","href":"https:\/\/api.w.org\/{rel}","templated":true}]}}