{"id":26133,"date":"2021-04-19T05:18:47","date_gmt":"2021-04-19T05:18:47","guid":{"rendered":"https:\/\/www.silviakelly.it\/product\/ciondolo-mongolfiera\/"},"modified":"2026-03-16T18:02:26","modified_gmt":"2026-03-16T18:02:26","slug":"ciondolo-mongolfiera-diamanti","status":"publish","type":"product","link":"https:\/\/www.silviakelly.it\/it\/prodotto\/ciondolo-mongolfiera-diamanti\/","title":{"rendered":"Mongolfiera Diamanti"},"content":{"rendered":"\t\t<div data-elementor-type=\"page\" data-elementor-id=\"25857\" class=\"elementor elementor-25857 elementor-24322\" data-elementor-post-type=\"elementor_library\">\n\t\t\t\t\t\t<section class=\"elementor-section elementor-top-section elementor-element elementor-element-e68b9b7 elementor-section-full_width elementor-section-height-default elementor-section-height-default\" data-id=\"e68b9b7\" data-element_type=\"section\" data-e-type=\"section\">\n\t\t\t\t\t\t<div class=\"elementor-container elementor-column-gap-default\">\n\t\t\t\t\t<div class=\"elementor-column elementor-col-100 elementor-top-column elementor-element elementor-element-a0a2560\" data-id=\"a0a2560\" data-element_type=\"column\" data-e-type=\"column\">\n\t\t\t<div class=\"elementor-widget-wrap elementor-element-populated\">\n\t\t\t\t\t\t<div class=\"elementor-element elementor-element-7c0a3d4 elementor-widget elementor-widget-pp-flipbox\" data-id=\"7c0a3d4\" data-element_type=\"widget\" data-e-type=\"widget\" data-widget_type=\"pp-flipbox.default\">\n\t\t\t\t<div class=\"elementor-widget-container\">\n\t\t\t\t\t\t\t<div class=\"pp-flipbox-container pp-animate-fade pp-direction-\">\n\t\t\t<div class=\"pp-flipbox-flip-card\">\n\t\t\t\t\t\t<div class=\"pp-flipbox-front\">\n\t\t\t<div class=\"pp-flipbox-overlay\">\n\t\t\t\t<div class=\"pp-flipbox-inner\">\n\t\t\t\t\t<div class=\"pp-flipbox-icon-image pp-icon\">\n\t\t\t\t\t\t\t\t\t\t\t\t\t<i aria-hidden=\"true\" class=\"icon icon-diamond11\"><\/i>\t\t\t\t\t\t\t\t\t\t\t<\/div>\n\n\t\t\t\t\t<h3 class=\"pp-flipbox-heading\">\n\t\t\t\t\t\tIL DIAMANTE\t\t\t\t\t<\/h3>\n\n\t\t\t\t\t<div class=\"pp-flipbox-content\">\n\t\t\t\t\t\t\t\t\t\t\t<\/div>\n\t\t\t\t<\/div>\n\t\t\t<\/div>\n\t\t<\/div>\n\t\t\t\t<div class=\"pp-flipbox-back\">\n\t\t\t\t\t\t<div class=\"pp-flipbox-overlay\">\n\t\t\t\t<div class=\"pp-flipbox-inner\">\n\t\t\t\t\t\t\t\t\t\t\t<div class=\"pp-flipbox-icon-image-back pp-icon\">\n\t\t\t\t\t\t\t\t\t\t\t\t\t\t\t<i aria-hidden=\"true\" class=\"icon icon-diamond\"><\/i>\t\t\t\t\t\t\t\t\t\t\t\t\t<\/div>\n\t\t\t\t\t\n\t\t\t\t\t\t\t\t\t\t\t<h3 class=\"pp-flipbox-heading\">\n\t\t\t\t\t\t\tIL DIAMANTE\t\t\t\t\t\t<\/h3>\n\t\t\t\t\t\n\t\t\t\t\t<div class=\"pp-flipbox-content\">\n\t\t\t\t\t\tIl nome della pietra deriva dalla parola greca adamas che significa \u201cindomabile\u201d, a indicare la sua particolare durezza. \u00c8 il materiale pi\u00f9 duro esistente in natura, con una brillantezza abbagliante.\nLe propriet\u00e0 del diamante risaltano maggiormente con il taglio \u201ca brillante\u201d. e che rafforzi la mente e attiri la prosperit\u00e0.\t\t\t\t\t<\/div>\n\n\t\t\t\t\t\t\t\t\t<\/div>\n\t\t\t<\/div>\n\t\t<\/div>\n\t\t\t\t\t<\/div>\n\t\t<\/div>\n\t\t\t\t\t\t<\/div>\n\t\t\t\t<\/div>\n\t\t\t\t\t<\/div>\n\t\t<\/div>\n\t\t\t\t\t<\/div>\n\t\t<\/section>\n\t\t\t\t<\/div>\n\t\t\n","protected":false},"excerpt":{"rendered":"<h4>Ciondolo Mongolfiera Diamanti<\/h4>\n<p style=\"text-align: left;\">Si narra che il dio delle miniere un giorno abbia riunito tutte le pietre preziose a sua disposizione per creare il primo diamante. Esso \u00e8 infatti incolore, ma esposto alla luce rivela i colori di tutte le pietre che lo compongono.<\/p>\n<p>Il <b data-path-to-node=\"6\" data-index-in-node=\"3\">Ciondolo Mongolfiera<\/b> di Silvia Kelly \u00e8 molto pi\u00f9 di un semplice gioiello: \u00e8 un simbolo di libert\u00e0, curiosit\u00e0 e nuovi inizi. In questa creazione d&#8217;alta oreficeria, la struttura tridimensionale in <strong>oro<\/strong> 18kt viene impreziosita da una cascata di <b data-path-to-node=\"6\" data-index-in-node=\"244\">diamanti<\/b> taglio brillante rotondo , incastonati a mano per riflettere la luce da ogni angolazione, proprio come il sole che bacia una mongolfiera in volo sopra il nostro splendido <strong>Lago di Como<\/strong>. La precisione millimetrica con cui ogni <b data-path-to-node=\"6\" data-index-in-node=\"469\">diamante<\/b> \u00e8 stato posizionato esalta le linee morbide e il design arioso di questo pendente, rendendolo un pezzo unico capace di <strong>far sognare<\/strong> chiunque lo indossi o lo riceva in dono.<\/p>\n<p>Questo pciondolo \u00e8 il protagonista indiscusso della nostra linea dedicata al viaggio e alla leggerezza; ti invitiamo a scoprire tutti i modelli e le varianti disponibili visitando la nostra <b data-path-to-node=\"8\" data-index-in-node=\"189\"><a class=\"ng-star-inserted\" href=\"https:\/\/www.silviakelly.it\/it\/collezione-mongolfiera-diamanti\/\" target=\"_blank\" rel=\"noopener\" data-hveid=\"0\" data-ved=\"0CAAQ_4QMahgKEwjss_ztwaSTAxUAAAAAHQAAAAAQhAI\">Collezione Mongolfiera<\/a><\/b>. Ogni pezzo che trovi nel nostro catalogo nasce all&#8217;interno del nostro <strong>laboratorio orafo<\/strong>: se desideri personalizzare il tuo ciondolo con una caratura di <b data-path-to-node=\"8\" data-index-in-node=\"365\">diamanti<\/b> superiore o una pietra di colore specifica, la nostra <b data-path-to-node=\"8\" data-index-in-node=\"428\">gioielleria a Lecco<\/b> \u00e8 a tua completa disposizione. Siamo produttori diretti e questo ci permette di offrire una flessibilit\u00e0 che solo una vera fabbrica orafa del territorio lecchese pu\u00f2 garantire.<\/p>\n<p>Scegliere un ciondolo con <b data-path-to-node=\"10\" data-index-in-node=\"26\">diamanti<\/b> della collezione <strong>Mongolfiera<\/strong> significa portare con s\u00e9 l&#8217;essenza dell&#8217;artigianato &#8220;<strong>Made in Lake Como<\/strong>&#8220;. Ogni gioiello viene rifinito con cura maniacale nel nostro atelier e consegnato nelle nostre confezioni personalizzate, perfette per un regalo che lasci il segno. Venite a trovarci nel nostro atelier di Lecco per ammirare la brillantezza dei nostri <b data-path-to-node=\"10\" data-index-in-node=\"384\">diamanti<\/b> e la tridimensionalit\u00e0 di questo design esclusivo.<\/p>\n<p>Il nostro atelier \u00e8 aperto tutti i giorni (tranne la domenica) per guidarti nella scelta di un gioiello che non \u00e8 solo un accessorio, ma un amuleto di luce e <strong>libert\u00e0<\/strong>.<\/p>\n<p>&nbsp;<\/p>\n","protected":false},"featured_media":28527,"template":"","meta":{"_acf_changed":false},"product_brand":[],"product_cat":[497],"product_tag":[],"class_list":{"0":"post-26133","1":"product","2":"type-product","3":"status-publish","4":"has-post-thumbnail","6":"product_cat-ciondoli","7":"product_shipping_class-tutti-i-paesi-it","9":"first","10":"instock","11":"shipping-taxable","12":"purchasable","13":"product-type-simple"},"acf":[],"_links":{"self":[{"href":"https:\/\/www.silviakelly.it\/it\/wp-json\/wp\/v2\/product\/26133","targetHints":{"allow":["GET"]}}],"collection":[{"href":"https:\/\/www.silviakelly.it\/it\/wp-json\/wp\/v2\/product"}],"about":[{"href":"https:\/\/www.silviakelly.it\/it\/wp-json\/wp\/v2\/types\/product"}],"version-history":[{"count":7,"href":"https:\/\/www.silviakelly.it\/it\/wp-json\/wp\/v2\/product\/26133\/revisions"}],"predecessor-version":[{"id":38695,"href":"https:\/\/www.silviakelly.it\/it\/wp-json\/wp\/v2\/product\/26133\/revisions\/38695"}],"wp:featuredmedia":[{"embeddable":true,"href":"https:\/\/www.silviakelly.it\/it\/wp-json\/wp\/v2\/media\/28527"}],"wp:attachment":[{"href":"https:\/\/www.silviakelly.it\/it\/wp-json\/wp\/v2\/media?parent=26133"}],"wp:term":[{"taxonomy":"product_brand","embeddable":true,"href":"https:\/\/www.silviakelly.it\/it\/wp-json\/wp\/v2\/product_brand?post=26133"},{"taxonomy":"product_cat","embeddable":true,"href":"https:\/\/www.silviakelly.it\/it\/wp-json\/wp\/v2\/product_cat?post=26133"},{"taxonomy":"product_tag","embeddable":true,"href":"https:\/\/www.silviakelly.it\/it\/wp-json\/wp\/v2\/product_tag?post=26133"}],"curies":[{"name":"wp","href":"https:\/\/api.w.org\/{rel}","templated":true}]}}