{"id":26140,"date":"2021-04-19T05:11:16","date_gmt":"2021-04-19T05:11:16","guid":{"rendered":"https:\/\/www.silviakelly.it\/product\/ciondolo-albero-vita-small\/"},"modified":"2026-03-16T15:55:23","modified_gmt":"2026-03-16T15:55:23","slug":"ciondolo-albero-vita-small-rubino","status":"publish","type":"product","link":"https:\/\/www.silviakelly.it\/it\/prodotto\/ciondolo-albero-vita-small-rubino\/","title":{"rendered":"Albero Vita Small Rubino"},"content":{"rendered":"\t\t<div data-elementor-type=\"page\" data-elementor-id=\"25861\" class=\"elementor elementor-25861 elementor-25597\" data-elementor-post-type=\"elementor_library\">\n\t\t\t\t\t\t<section class=\"elementor-section elementor-top-section elementor-element elementor-element-748b1908 elementor-section-full_width elementor-section-height-default elementor-section-height-default\" data-id=\"748b1908\" data-element_type=\"section\" data-e-type=\"section\">\n\t\t\t\t\t\t<div class=\"elementor-container elementor-column-gap-default\">\n\t\t\t\t\t<div class=\"elementor-column elementor-col-100 elementor-top-column elementor-element elementor-element-39958eb6\" data-id=\"39958eb6\" data-element_type=\"column\" data-e-type=\"column\">\n\t\t\t<div class=\"elementor-widget-wrap elementor-element-populated\">\n\t\t\t\t\t\t<div class=\"elementor-element elementor-element-137dd25c elementor-widget elementor-widget-pp-flipbox\" data-id=\"137dd25c\" data-element_type=\"widget\" data-e-type=\"widget\" data-widget_type=\"pp-flipbox.default\">\n\t\t\t\t<div class=\"elementor-widget-container\">\n\t\t\t\t\t\t\t<div class=\"pp-flipbox-container pp-animate-fade pp-direction-\">\n\t\t\t<div class=\"pp-flipbox-flip-card\">\n\t\t\t\t\t\t<div class=\"pp-flipbox-front\">\n\t\t\t<div class=\"pp-flipbox-overlay\">\n\t\t\t\t<div class=\"pp-flipbox-inner\">\n\t\t\t\t\t<div class=\"pp-flipbox-icon-image pp-icon\">\n\t\t\t\t\t\t\t\t\t\t\t\t\t<i aria-hidden=\"true\" class=\"icon icon-diamond11\"><\/i>\t\t\t\t\t\t\t\t\t\t\t<\/div>\n\n\t\t\t\t\t<h3 class=\"pp-flipbox-heading\">\n\t\t\t\t\t\tIL DIAMANTE NERO\t\t\t\t\t<\/h3>\n\n\t\t\t\t\t<div class=\"pp-flipbox-content\">\n\t\t\t\t\t\t\t\t\t\t\t<\/div>\n\t\t\t\t<\/div>\n\t\t\t<\/div>\n\t\t<\/div>\n\t\t\t\t<div class=\"pp-flipbox-back\">\n\t\t\t\t\t\t<div class=\"pp-flipbox-overlay\">\n\t\t\t\t<div class=\"pp-flipbox-inner\">\n\t\t\t\t\t\t\t\t\t\t\t<div class=\"pp-flipbox-icon-image-back pp-icon\">\n\t\t\t\t\t\t\t\t\t\t\t\t\t\t\t<i aria-hidden=\"true\" class=\"icon icon-diamond\"><\/i>\t\t\t\t\t\t\t\t\t\t\t\t\t<\/div>\n\t\t\t\t\t\n\t\t\t\t\t\t\t\t\t\t\t<h3 class=\"pp-flipbox-heading\">\n\t\t\t\t\t\t\tIL DIAMANTE NERO\t\t\t\t\t\t<\/h3>\n\t\t\t\t\t\n\t\t\t\t\t<div class=\"pp-flipbox-content\">\n\t\t\t\t\t\tI diamanti neri sono simili ai diamanti bianchi, ma hanno una quantit\u00e0 estremamente elevata di inclusioni, di grafite al loro interno al punto da apparire neri. Mentre i diamanti bianchi e altri diamanti colorati sono solitamente estratti da roccia vulcanica esplosiva, il diamante nero viene estratto da depositi alluvionali in Brasile e nella Repubblica Centrafricana. Si dice che: nel 2006, in un articolo sull'Astrophysical Journal Letters, alcuni ricercatori teorizzano che il diamante nero abbia avuto origine nello spazio esterno, per poi ricadere nell'atmosfera terrestre.\t\t\t\t\t<\/div>\n\n\t\t\t\t\t\t\t\t\t<\/div>\n\t\t\t<\/div>\n\t\t<\/div>\n\t\t\t\t\t<\/div>\n\t\t<\/div>\n\t\t\t\t\t\t<\/div>\n\t\t\t\t<\/div>\n\t\t\t\t\t<\/div>\n\t\t<\/div>\n\t\t\t\t\t<\/div>\n\t\t<\/section>\n\t\t\t\t<\/div>\n\t\t\n\t\t<div data-elementor-type=\"page\" data-elementor-id=\"25783\" class=\"elementor elementor-25783 elementor-25356\" data-elementor-post-type=\"elementor_library\">\n\t\t\t\t\t\t<section class=\"elementor-section elementor-top-section elementor-element elementor-element-e68b9b7 elementor-section-full_width elementor-section-height-default elementor-section-height-default\" data-id=\"e68b9b7\" data-element_type=\"section\" data-e-type=\"section\">\n\t\t\t\t\t\t<div class=\"elementor-container elementor-column-gap-default\">\n\t\t\t\t\t<div class=\"elementor-column elementor-col-100 elementor-top-column elementor-element elementor-element-a0a2560\" data-id=\"a0a2560\" data-element_type=\"column\" data-e-type=\"column\">\n\t\t\t<div class=\"elementor-widget-wrap elementor-element-populated\">\n\t\t\t\t\t\t<div class=\"elementor-element elementor-element-7c0a3d4 elementor-widget elementor-widget-pp-flipbox\" data-id=\"7c0a3d4\" data-element_type=\"widget\" data-e-type=\"widget\" data-widget_type=\"pp-flipbox.default\">\n\t\t\t\t<div class=\"elementor-widget-container\">\n\t\t\t\t\t\t\t<div class=\"pp-flipbox-container pp-animate-fade pp-direction-\">\n\t\t\t<div class=\"pp-flipbox-flip-card\">\n\t\t\t\t\t\t<div class=\"pp-flipbox-front\">\n\t\t\t<div class=\"pp-flipbox-overlay\">\n\t\t\t\t<div class=\"pp-flipbox-inner\">\n\t\t\t\t\t<div class=\"pp-flipbox-icon-image pp-icon\">\n\t\t\t\t\t\t\t\t\t\t\t\t\t<i aria-hidden=\"true\" class=\"icon icon-diamond11\"><\/i>\t\t\t\t\t\t\t\t\t\t\t<\/div>\n\n\t\t\t\t\t<h3 class=\"pp-flipbox-heading\">\n\t\t\t\t\t\tIL RUBINO\t\t\t\t\t<\/h3>\n\n\t\t\t\t\t<div class=\"pp-flipbox-content\">\n\t\t\t\t\t\t\t\t\t\t\t<\/div>\n\t\t\t\t<\/div>\n\t\t\t<\/div>\n\t\t<\/div>\n\t\t\t\t<div class=\"pp-flipbox-back\">\n\t\t\t\t\t\t<div class=\"pp-flipbox-overlay\">\n\t\t\t\t<div class=\"pp-flipbox-inner\">\n\t\t\t\t\t\t\t\t\t\t\t<div class=\"pp-flipbox-icon-image-back pp-icon\">\n\t\t\t\t\t\t\t\t\t\t\t\t\t\t\t<i aria-hidden=\"true\" class=\"icon icon-diamond\"><\/i>\t\t\t\t\t\t\t\t\t\t\t\t\t<\/div>\n\t\t\t\t\t\n\t\t\t\t\t\t\t\t\t\t\t<h3 class=\"pp-flipbox-heading\">\n\t\t\t\t\t\t\tIL RUBINO\t\t\t\t\t\t<\/h3>\n\t\t\t\t\t\n\t\t\t\t\t<div class=\"pp-flipbox-content\">\n\t\t\t\t\t\tL\u2019origine del suo nome deriva dal suo colore, dal latino rubeus che significa rosso. Infatti, il rubino \u00e8 la variet\u00e0 rossa del corindone, una classe minerale che comprende anche lo zaffiro. \u00c8 una delle pietre preziose pi\u00f9 rare e storicamente le pi\u00f9 ricercate sono quelle provenienti dalla regione di Mogok, in Birmania (ora Myanmar). Diversi giacimenti di rubino si trovano anche in Africa orientale. Il rubino \u00e8 considerato la pietra dell\u2019amore passionale. Dotato di poteri misteriosi, allontanerebbe la tristezza e dormire con un rubino sotto il cuscino aiuterebbe a riposare meglio.\t\t\t\t\t<\/div>\n\n\t\t\t\t\t\t\t\t\t<\/div>\n\t\t\t<\/div>\n\t\t<\/div>\n\t\t\t\t\t<\/div>\n\t\t<\/div>\n\t\t\t\t\t\t<\/div>\n\t\t\t\t<\/div>\n\t\t\t\t\t<\/div>\n\t\t<\/div>\n\t\t\t\t\t<\/div>\n\t\t<\/section>\n\t\t\t\t<\/div>\n\t\t\n","protected":false},"excerpt":{"rendered":"<h4>Ciondolo Albero Vita Small Rubino<\/h4>\n<p style=\"text-align: left;\">\u201cFiori e frutti fanno la gioia di chi osserva, ma le radici profonde salvano l\u2019albero nella tempesta.\u201d \u2014 Ferruccio Parrinello<\/p>\n<p>L\u2019<strong>Albero<\/strong> della <strong>Vita<\/strong> \u00e8 uno dei simboli pi\u00f9 potenti e universali, e in questa versione &#8220;<strong>small<\/strong>&#8221; di Silvia Kelly acquista una luce nuova grazie alla presenza magnetica del <b data-path-to-node=\"6\" data-index-in-node=\"168\">rubino<\/b>. Incastonato con precisione millimetrica tra le radici\u00a0 in oro 18kt, il <b data-path-to-node=\"6\" data-index-in-node=\"255\">rubino<\/b> non \u00e8 solo un dettaglio cromatico, ma il cuore pulsante dell\u2019intero gioiello. Conosciuto fin dall&#8217;antichit\u00e0 come la &#8220;pietra del sole&#8221;, il <b data-path-to-node=\"6\" data-index-in-node=\"400\">rubino<\/b> infonde coraggio e vitalit\u00e0 a chi lo indossa, rendendo questo ciondolo un talismano prezioso da portare vicino al cuore ogni giorno.<\/p>\n<p>A differenza delle produzioni industriali, ogni nostro ciondolo con <b data-path-to-node=\"8\" data-index-in-node=\"68\">rubino<\/b> racconta una storia di dedizione <strong>artigianale<\/strong> che affonda le radici nella tradizione orafa di Lecco. Nel nostro atelier, il design dell&#8217;Albero della Vita viene modellato per celebrare i legami pi\u00f9 profondi e i nuovi inizi. Se stai cercando un gioiello che sia al tempo stesso un\u2019opera d\u2019arte e un messaggio d\u2019amore, la nostra gioielleria a Lecco ti offre l&#8217;esclusivit\u00e0 del &#8220;<strong>fatto a mano<\/strong>&#8221; autentico. Ogni sfumatura rossa del <b data-path-to-node=\"8\" data-index-in-node=\"498\">rubino<\/b> viene selezionata personalmente da Silvia Kelly per garantire che la luce riflessa sia sempre intensa e vibrante, proprio come le emozioni che questo simbolo intende evocare.<\/p>\n<p>Regalare un <strong>Albero<\/strong> della <strong>Vita<\/strong> con <b data-path-to-node=\"10\" data-index-in-node=\"34\">rubino<\/b> significa donare un augurio di prosperit\u00e0 e forza. Realizzato interamente in <strong>oro<\/strong> 18 carati nella nostra fabbrica orafa, questo ciondolo rappresenta il perfetto souvenir di <strong>lusso<\/strong> per chi visita il <strong>Lake Como<\/strong> o un regalo indimenticabile per un evento speciale. Vieni a trovarci nel nostro <strong>atelier<\/strong> di Lecco, dove potrai ammirare la lucentezza dei nostri <b data-path-to-node=\"10\" data-index-in-node=\"391\">rubini<\/b> e lasciarti guidare dalla nostra esperienza nella scelta del gioiello perfetto.<\/p>\n<p>Ogni creazione viene custodita in un packaging dedicato, studiato per esaltare la magia di un simbolo che non smette mai di <strong>emozionare<\/strong>.<\/p>\n","protected":false},"featured_media":23676,"template":"","meta":{"_acf_changed":false},"product_brand":[],"product_cat":[497],"product_tag":[],"class_list":{"0":"post-26140","1":"product","2":"type-product","3":"status-publish","4":"has-post-thumbnail","6":"product_cat-ciondoli","7":"product_shipping_class-tutti-i-paesi-it","9":"first","10":"instock","11":"shipping-taxable","12":"purchasable","13":"product-type-simple"},"acf":[],"_links":{"self":[{"href":"https:\/\/www.silviakelly.it\/it\/wp-json\/wp\/v2\/product\/26140","targetHints":{"allow":["GET"]}}],"collection":[{"href":"https:\/\/www.silviakelly.it\/it\/wp-json\/wp\/v2\/product"}],"about":[{"href":"https:\/\/www.silviakelly.it\/it\/wp-json\/wp\/v2\/types\/product"}],"version-history":[{"count":6,"href":"https:\/\/www.silviakelly.it\/it\/wp-json\/wp\/v2\/product\/26140\/revisions"}],"predecessor-version":[{"id":38648,"href":"https:\/\/www.silviakelly.it\/it\/wp-json\/wp\/v2\/product\/26140\/revisions\/38648"}],"wp:featuredmedia":[{"embeddable":true,"href":"https:\/\/www.silviakelly.it\/it\/wp-json\/wp\/v2\/media\/23676"}],"wp:attachment":[{"href":"https:\/\/www.silviakelly.it\/it\/wp-json\/wp\/v2\/media?parent=26140"}],"wp:term":[{"taxonomy":"product_brand","embeddable":true,"href":"https:\/\/www.silviakelly.it\/it\/wp-json\/wp\/v2\/product_brand?post=26140"},{"taxonomy":"product_cat","embeddable":true,"href":"https:\/\/www.silviakelly.it\/it\/wp-json\/wp\/v2\/product_cat?post=26140"},{"taxonomy":"product_tag","embeddable":true,"href":"https:\/\/www.silviakelly.it\/it\/wp-json\/wp\/v2\/product_tag?post=26140"}],"curies":[{"name":"wp","href":"https:\/\/api.w.org\/{rel}","templated":true}]}}