{"id":26156,"date":"2021-04-19T05:10:51","date_gmt":"2021-04-19T05:10:51","guid":{"rendered":"https:\/\/www.silviakelly.it\/product\/ciondolo-claudia\/"},"modified":"2026-03-18T13:33:02","modified_gmt":"2026-03-18T13:33:02","slug":"ciondolo-claudia-corallo-rosso","status":"publish","type":"product","link":"https:\/\/www.silviakelly.it\/it\/prodotto\/ciondolo-claudia-corallo-rosso\/","title":{"rendered":"Claudia Corallo Rosso"},"content":{"rendered":"\t\t<div data-elementor-type=\"page\" data-elementor-id=\"25816\" class=\"elementor elementor-25816 elementor-25421\" data-elementor-post-type=\"elementor_library\">\n\t\t\t\t\t\t<section class=\"elementor-section elementor-top-section elementor-element elementor-element-e68b9b7 elementor-section-full_width elementor-section-height-default elementor-section-height-default\" data-id=\"e68b9b7\" data-element_type=\"section\" data-e-type=\"section\">\n\t\t\t\t\t\t<div class=\"elementor-container elementor-column-gap-default\">\n\t\t\t\t\t<div class=\"elementor-column elementor-col-100 elementor-top-column elementor-element elementor-element-a0a2560\" data-id=\"a0a2560\" data-element_type=\"column\" data-e-type=\"column\">\n\t\t\t<div class=\"elementor-widget-wrap elementor-element-populated\">\n\t\t\t\t\t\t<div class=\"elementor-element elementor-element-7c0a3d4 elementor-widget elementor-widget-pp-flipbox\" data-id=\"7c0a3d4\" data-element_type=\"widget\" data-e-type=\"widget\" data-widget_type=\"pp-flipbox.default\">\n\t\t\t\t<div class=\"elementor-widget-container\">\n\t\t\t\t\t\t\t<div class=\"pp-flipbox-container pp-animate-fade pp-direction-\">\n\t\t\t<div class=\"pp-flipbox-flip-card\">\n\t\t\t\t\t\t<div class=\"pp-flipbox-front\">\n\t\t\t<div class=\"pp-flipbox-overlay\">\n\t\t\t\t<div class=\"pp-flipbox-inner\">\n\t\t\t\t\t<div class=\"pp-flipbox-icon-image pp-icon\">\n\t\t\t\t\t\t\t\t\t\t\t\t\t<i aria-hidden=\"true\" class=\"icon icon-diamond11\"><\/i>\t\t\t\t\t\t\t\t\t\t\t<\/div>\n\n\t\t\t\t\t<h3 class=\"pp-flipbox-heading\">\n\t\t\t\t\t\tIL CORALLO\t\t\t\t\t<\/h3>\n\n\t\t\t\t\t<div class=\"pp-flipbox-content\">\n\t\t\t\t\t\t\t\t\t\t\t<\/div>\n\t\t\t\t<\/div>\n\t\t\t<\/div>\n\t\t<\/div>\n\t\t\t\t<div class=\"pp-flipbox-back\">\n\t\t\t\t\t\t<div class=\"pp-flipbox-overlay\">\n\t\t\t\t<div class=\"pp-flipbox-inner\">\n\t\t\t\t\t\t\t\t\t\t\t<div class=\"pp-flipbox-icon-image-back pp-icon\">\n\t\t\t\t\t\t\t\t\t\t\t\t\t\t\t<i aria-hidden=\"true\" class=\"icon icon-diamond\"><\/i>\t\t\t\t\t\t\t\t\t\t\t\t\t<\/div>\n\t\t\t\t\t\n\t\t\t\t\t\t\t\t\t\t\t<h3 class=\"pp-flipbox-heading\">\n\t\t\t\t\t\t\tIL CORALLO\t\t\t\t\t\t<\/h3>\n\t\t\t\t\t\n\t\t\t\t\t<div class=\"pp-flipbox-content\">\n\t\t\t\t\t\tNon \u00e8 esattamente una pietra, ma un materiale prezioso in equilibrio tra il regno animale, vegetale e minerale che ha origine nelle profondit\u00e0 marine. Quelli usati in gioielleria sono delle specie \u201cCorallium rubrum\u201d o \u201cCorallium japonicum\u201d che si trovano nei mari del Giappone, Taiwan, Malesia, Mar Rosso, Mediterraneo. Esistono infinite sfumature di corallo: rosso, rosa, bianco, blu, marrone e nero. Si dice che allontani le paure e le tensioni e faciliti la convivenza. \u00c8 ancora oggi utilizzato come talismano presso molte culture per allontanare gli spiriti maligni.\t\t\t\t\t<\/div>\n\n\t\t\t\t\t\t\t\t\t<\/div>\n\t\t\t<\/div>\n\t\t<\/div>\n\t\t\t\t\t<\/div>\n\t\t<\/div>\n\t\t\t\t\t\t<\/div>\n\t\t\t\t<\/div>\n\t\t\t\t\t<\/div>\n\t\t<\/div>\n\t\t\t\t\t<\/div>\n\t\t<\/section>\n\t\t\t\t<\/div>\n\t\t\n","protected":false},"excerpt":{"rendered":"<h4>Ciondolo Claudia Corallo Rosso<\/h4>\n<p style=\"text-align: left;\">\u201cIl corallo ha la bellezza della rosa, il colore del sangue, il limpido del cristallo, il calore del fuoco.\u201d \u2013 Vittorio G. Rossi, 1973<\/p>\n<p data-path-to-node=\"4\">Il <b data-path-to-node=\"4\" data-index-in-node=\"3\">corallo rosso<\/b> non \u00e8 solo un materiale prezioso, ma un simbolo di forza vitale e protezione che attraversa i secoli. Il Ciondolo <strong>Claudia<\/strong> celebra questa gemma organica dei <strong>Mari del Sud<\/strong>, incastonandola in un design che sposa l&#8217;eleganza dell&#8217;<strong>oro bianco<\/strong> e il calore dell&#8217;<strong>oro giallo<\/strong>, illuminati da una selezione di diamanti purissimi. Indossare questo gioiello significa portare con s\u00e9 un frammento di<strong> storia<\/strong> naturale, scolpito dalla sapienza <strong>artigiana<\/strong> per risaltare sul decollet\u00e9 con un\u2019intensit\u00e0 cromatica ineguagliabile.<\/p>\n<p data-path-to-node=\"6\">La scelta del <b data-path-to-node=\"6\" data-index-in-node=\"14\">corallo rosso<\/b> per il ciondolo Claudia risponde al desiderio di offrire un gioiello che sia allo stesso tempo audace e raffinato. La struttura in oro bianco e giallo crea un gioco di luci che enfatizza la texture vellutata del corallo, rendendo ogni <strong>pezzo unico<\/strong>. I diamanti incastonati non sono un semplice ornamento, ma punti luce studiati per guidare l&#8217;occhio verso la profondit\u00e0 del rosso primordiale, creando un equilibrio perfetto tra lusso contemporaneo e <strong>tradizione<\/strong> orafa.<\/p>\n<p data-path-to-node=\"8\">Scegliere un gioiello Silvia Kelly significa entrare a far parte di un racconto tutto al femminile iniziato nel 1970. La nostra gioielleria nasce dalla visione di una donna intraprendente che ha saputo trasformare la passione per il bello in un punto di riferimento storico a <b data-path-to-node=\"8\" data-index-in-node=\"276\">Lecco<\/b>, sulle sponde del <b data-path-to-node=\"8\" data-index-in-node=\"300\">Lago di Como<\/b>. Oggi, quella stessa dedizione \u00e8 portata avanti dalle figlie della fondatrice, che custodiscono l&#8217;eredit\u00e0 materna innovandola con uno sguardo fresco e moderno. Ogni creazione, come il Ciondolo Claudia, \u00e8 intrisa dell&#8217;atmosfera del nostro territorio e della cura che solo una gestione <strong>familiare<\/strong> votata all&#8217;eccellenza pu\u00f2 garantire.<\/p>\n<p data-path-to-node=\"9\">Che sia un regalo per un&#8217;occasione speciale o un omaggio a se stesse, questo ciondolo rappresenta l&#8217;essenza della nostra filosofia: gioielli che parlano di chi li indossa e di chi, con amore, li ha pensati e realizzati nel <strong>cuore<\/strong> della Lombardia.<\/p>\n","protected":false},"featured_media":23648,"template":"","meta":{"_acf_changed":false},"product_brand":[],"product_cat":[497],"product_tag":[],"class_list":{"0":"post-26156","1":"product","2":"type-product","3":"status-publish","4":"has-post-thumbnail","6":"product_cat-ciondoli","7":"product_shipping_class-tutti-i-paesi-it","9":"first","10":"instock","11":"shipping-taxable","12":"purchasable","13":"product-type-simple"},"acf":[],"_links":{"self":[{"href":"https:\/\/www.silviakelly.it\/it\/wp-json\/wp\/v2\/product\/26156","targetHints":{"allow":["GET"]}}],"collection":[{"href":"https:\/\/www.silviakelly.it\/it\/wp-json\/wp\/v2\/product"}],"about":[{"href":"https:\/\/www.silviakelly.it\/it\/wp-json\/wp\/v2\/types\/product"}],"version-history":[{"count":5,"href":"https:\/\/www.silviakelly.it\/it\/wp-json\/wp\/v2\/product\/26156\/revisions"}],"predecessor-version":[{"id":38901,"href":"https:\/\/www.silviakelly.it\/it\/wp-json\/wp\/v2\/product\/26156\/revisions\/38901"}],"wp:featuredmedia":[{"embeddable":true,"href":"https:\/\/www.silviakelly.it\/it\/wp-json\/wp\/v2\/media\/23648"}],"wp:attachment":[{"href":"https:\/\/www.silviakelly.it\/it\/wp-json\/wp\/v2\/media?parent=26156"}],"wp:term":[{"taxonomy":"product_brand","embeddable":true,"href":"https:\/\/www.silviakelly.it\/it\/wp-json\/wp\/v2\/product_brand?post=26156"},{"taxonomy":"product_cat","embeddable":true,"href":"https:\/\/www.silviakelly.it\/it\/wp-json\/wp\/v2\/product_cat?post=26156"},{"taxonomy":"product_tag","embeddable":true,"href":"https:\/\/www.silviakelly.it\/it\/wp-json\/wp\/v2\/product_tag?post=26156"}],"curies":[{"name":"wp","href":"https:\/\/api.w.org\/{rel}","templated":true}]}}