{"id":26185,"date":"2021-04-19T05:10:05","date_gmt":"2021-04-19T05:10:05","guid":{"rendered":"https:\/\/www.silviakelly.it\/product\/ciondolo-mina\/"},"modified":"2026-03-16T15:00:42","modified_gmt":"2026-03-16T15:00:42","slug":"ciondolo-mina-giada","status":"publish","type":"product","link":"https:\/\/www.silviakelly.it\/it\/prodotto\/ciondolo-mina-giada\/","title":{"rendered":"Mina Giada"},"content":{"rendered":"\t\t<div data-elementor-type=\"page\" data-elementor-id=\"25829\" class=\"elementor elementor-25829 elementor-25396\" data-elementor-post-type=\"elementor_library\">\n\t\t\t\t\t\t<section class=\"elementor-section elementor-top-section elementor-element elementor-element-e68b9b7 elementor-section-full_width elementor-section-height-default elementor-section-height-default\" data-id=\"e68b9b7\" data-element_type=\"section\" data-e-type=\"section\">\n\t\t\t\t\t\t<div class=\"elementor-container elementor-column-gap-default\">\n\t\t\t\t\t<div class=\"elementor-column elementor-col-100 elementor-top-column elementor-element elementor-element-a0a2560\" data-id=\"a0a2560\" data-element_type=\"column\" data-e-type=\"column\">\n\t\t\t<div class=\"elementor-widget-wrap elementor-element-populated\">\n\t\t\t\t\t\t<div class=\"elementor-element elementor-element-7c0a3d4 elementor-widget elementor-widget-pp-flipbox\" data-id=\"7c0a3d4\" data-element_type=\"widget\" data-e-type=\"widget\" data-widget_type=\"pp-flipbox.default\">\n\t\t\t\t<div class=\"elementor-widget-container\">\n\t\t\t\t\t\t\t<div class=\"pp-flipbox-container pp-animate-fade pp-direction-\">\n\t\t\t<div class=\"pp-flipbox-flip-card\">\n\t\t\t\t\t\t<div class=\"pp-flipbox-front\">\n\t\t\t<div class=\"pp-flipbox-overlay\">\n\t\t\t\t<div class=\"pp-flipbox-inner\">\n\t\t\t\t\t<div class=\"pp-flipbox-icon-image pp-icon\">\n\t\t\t\t\t\t\t\t\t\t\t\t\t<i aria-hidden=\"true\" class=\"icon icon-diamond11\"><\/i>\t\t\t\t\t\t\t\t\t\t\t<\/div>\n\n\t\t\t\t\t<h3 class=\"pp-flipbox-heading\">\n\t\t\t\t\t\tLA GIADA VERDE\t\t\t\t\t<\/h3>\n\n\t\t\t\t\t<div class=\"pp-flipbox-content\">\n\t\t\t\t\t\t\t\t\t\t\t<\/div>\n\t\t\t\t<\/div>\n\t\t\t<\/div>\n\t\t<\/div>\n\t\t\t\t<div class=\"pp-flipbox-back\">\n\t\t\t\t\t\t<div class=\"pp-flipbox-overlay\">\n\t\t\t\t<div class=\"pp-flipbox-inner\">\n\t\t\t\t\t\t\t\t\t\t\t<div class=\"pp-flipbox-icon-image-back pp-icon\">\n\t\t\t\t\t\t\t\t\t\t\t\t\t\t\t<i aria-hidden=\"true\" class=\"icon icon-diamond\"><\/i>\t\t\t\t\t\t\t\t\t\t\t\t\t<\/div>\n\t\t\t\t\t\n\t\t\t\t\t\t\t\t\t\t\t<h3 class=\"pp-flipbox-heading\">\n\t\t\t\t\t\t\tLA GIADA VERDE\t\t\t\t\t\t<\/h3>\n\t\t\t\t\t\n\t\t\t\t\t<div class=\"pp-flipbox-content\">\n\t\t\t\t\t\tOggi \u00e8 la giada giadeite ad essere considerata la vera giada (pi\u00f9 preziosa della nefrite perch\u00e9 ha un colore verde molto pi\u00f9 brillante e una maggiore traslucenza). Da sempre considerata in Cina gemma regale, il termine Yu (giada, in cinese) si usa per indicare qualcosa di prezioso, come per noi la parola oro. La giada giadeite si trova in Myanmar. Si dice che porti abbondanza, prosperit\u00e0, serenit\u00e0, saggezza, longevit\u00e0. Per migliaia di anni, la giada \u00e8 stata il simbolo dell'amore e della virt\u00f9.\t\t\t\t\t<\/div>\n\n\t\t\t\t\t\t\t\t\t<\/div>\n\t\t\t<\/div>\n\t\t<\/div>\n\t\t\t\t\t<\/div>\n\t\t<\/div>\n\t\t\t\t\t\t<\/div>\n\t\t\t\t<\/div>\n\t\t\t\t\t<\/div>\n\t\t<\/div>\n\t\t\t\t\t<\/div>\n\t\t<\/section>\n\t\t\t\t<\/div>\n\t\t\n\t\t<div data-elementor-type=\"page\" data-elementor-id=\"25783\" class=\"elementor elementor-25783 elementor-25356\" data-elementor-post-type=\"elementor_library\">\n\t\t\t\t\t\t<section class=\"elementor-section elementor-top-section elementor-element elementor-element-e68b9b7 elementor-section-full_width elementor-section-height-default elementor-section-height-default\" data-id=\"e68b9b7\" data-element_type=\"section\" data-e-type=\"section\">\n\t\t\t\t\t\t<div class=\"elementor-container elementor-column-gap-default\">\n\t\t\t\t\t<div class=\"elementor-column elementor-col-100 elementor-top-column elementor-element elementor-element-a0a2560\" data-id=\"a0a2560\" data-element_type=\"column\" data-e-type=\"column\">\n\t\t\t<div class=\"elementor-widget-wrap elementor-element-populated\">\n\t\t\t\t\t\t<div class=\"elementor-element elementor-element-7c0a3d4 elementor-widget elementor-widget-pp-flipbox\" data-id=\"7c0a3d4\" data-element_type=\"widget\" data-e-type=\"widget\" data-widget_type=\"pp-flipbox.default\">\n\t\t\t\t<div class=\"elementor-widget-container\">\n\t\t\t\t\t\t\t<div class=\"pp-flipbox-container pp-animate-fade pp-direction-\">\n\t\t\t<div class=\"pp-flipbox-flip-card\">\n\t\t\t\t\t\t<div class=\"pp-flipbox-front\">\n\t\t\t<div class=\"pp-flipbox-overlay\">\n\t\t\t\t<div class=\"pp-flipbox-inner\">\n\t\t\t\t\t<div class=\"pp-flipbox-icon-image pp-icon\">\n\t\t\t\t\t\t\t\t\t\t\t\t\t<i aria-hidden=\"true\" class=\"icon icon-diamond11\"><\/i>\t\t\t\t\t\t\t\t\t\t\t<\/div>\n\n\t\t\t\t\t<h3 class=\"pp-flipbox-heading\">\n\t\t\t\t\t\tIL RUBINO\t\t\t\t\t<\/h3>\n\n\t\t\t\t\t<div class=\"pp-flipbox-content\">\n\t\t\t\t\t\t\t\t\t\t\t<\/div>\n\t\t\t\t<\/div>\n\t\t\t<\/div>\n\t\t<\/div>\n\t\t\t\t<div class=\"pp-flipbox-back\">\n\t\t\t\t\t\t<div class=\"pp-flipbox-overlay\">\n\t\t\t\t<div class=\"pp-flipbox-inner\">\n\t\t\t\t\t\t\t\t\t\t\t<div class=\"pp-flipbox-icon-image-back pp-icon\">\n\t\t\t\t\t\t\t\t\t\t\t\t\t\t\t<i aria-hidden=\"true\" class=\"icon icon-diamond\"><\/i>\t\t\t\t\t\t\t\t\t\t\t\t\t<\/div>\n\t\t\t\t\t\n\t\t\t\t\t\t\t\t\t\t\t<h3 class=\"pp-flipbox-heading\">\n\t\t\t\t\t\t\tIL RUBINO\t\t\t\t\t\t<\/h3>\n\t\t\t\t\t\n\t\t\t\t\t<div class=\"pp-flipbox-content\">\n\t\t\t\t\t\tL\u2019origine del suo nome deriva dal suo colore, dal latino rubeus che significa rosso. Infatti, il rubino \u00e8 la variet\u00e0 rossa del corindone, una classe minerale che comprende anche lo zaffiro. \u00c8 una delle pietre preziose pi\u00f9 rare e storicamente le pi\u00f9 ricercate sono quelle provenienti dalla regione di Mogok, in Birmania (ora Myanmar). Diversi giacimenti di rubino si trovano anche in Africa orientale. Il rubino \u00e8 considerato la pietra dell\u2019amore passionale. Dotato di poteri misteriosi, allontanerebbe la tristezza e dormire con un rubino sotto il cuscino aiuterebbe a riposare meglio.\t\t\t\t\t<\/div>\n\n\t\t\t\t\t\t\t\t\t<\/div>\n\t\t\t<\/div>\n\t\t<\/div>\n\t\t\t\t\t<\/div>\n\t\t<\/div>\n\t\t\t\t\t\t<\/div>\n\t\t\t\t<\/div>\n\t\t\t\t\t<\/div>\n\t\t<\/div>\n\t\t\t\t\t<\/div>\n\t\t<\/section>\n\t\t\t\t<\/div>\n\t\t\n","protected":false},"excerpt":{"rendered":"<h4>Ciondolo Mina Giada<\/h4>\n<p style=\"text-align: left;\">Il verde \u00e8 un colore che rappresenta l\u2019equilibrio, calma, rilassa e allevia le tensioni. Aiuta nella concentrazione, nel ragionare e nel raggiungimento degli obiettivi prefissati. Stimola la creativit\u00e0 e la fantasia.<\/p>\n<p>Il <b data-path-to-node=\"6\" data-index-in-node=\"3\">Ciondolo Mina Giada\u00a0<\/b> \u00e8 un inno alla serenit\u00e0 e all&#8217;eleganza naturale. Al centro del design troviamo la <b data-path-to-node=\"6\" data-index-in-node=\"99\">giada<\/b>, una pietra leggendaria celebrata per le sue sfumature delicate e il suo legame profondo con l&#8217;equilibrio interiore. Silvia Kelly ha interpretato questa gemma incorniciandola in un abbraccio d&#8217;<strong>oro<\/strong> 18 carati, creando un gioiello che sembra fluttuare sulla pelle. La lucentezza della <b data-path-to-node=\"6\" data-index-in-node=\"387\">giada<\/b> e il calore del metallo prezioso si fondono in un pezzo dal design senza tempo, perfetto per chi cerca un amuleto di stile quotidiano che non passi mai inosservato.<\/p>\n<p>Scegliere il <strong>Ciondolo Mina Giada<\/strong> significa possedere un frammento dell&#8217;anima del nostro territorio. Ogni gioiello in <b data-path-to-node=\"8\" data-index-in-node=\"111\">giada<\/b> di questa collezione \u00e8 interamente progettato e realizzato nella nostra fabbrica orafa, situata nell&#8217;incantevole cornice\u00a0 del<b data-path-to-node=\"8\" data-index-in-node=\"249\"> Lago di Como<\/b>. Se sei alla ricerca di una <b data-path-to-node=\"8\" data-index-in-node=\"301\">gioielleria a Lecco<\/b> che rappresenti il vero &#8220;<strong>Lake Como lifestyle<\/strong>&#8220;, Silvia Kelly \u00e8 la tua destinazione ideale. Il nostro <strong>atelier<\/strong> \u00e8 rinomato per la capacit\u00e0 di trasformare pietre dure come la <b data-path-to-node=\"8\" data-index-in-node=\"491\">giada<\/b> in opere d&#8217;arte contemporanee, esportando la qualit\u00e0 del <strong>fatto a mano<\/strong> lecchese in tutto il mondo.<\/p>\n<p>Il nostro atelier a Lecco \u00e8 il luogo dove la tradizione incontra l&#8217;innovazione. Qui potrai scoprire l&#8217;intera collezione dedicata alla <b data-path-to-node=\"10\" data-index-in-node=\"140\">giada<\/b> e ammirare la cura con cui confezioniamo ogni pezzo nelle nostre scatole su misura. Che tu sia un residente o un visitatore alla ricerca di un ricordo prezioso del <strong>tuo<\/strong> soggiorno sul Lago di Como, il nostro negozio \u00e8 aperto tutti i giorni (tranne la domenica) per offrirti un servizio personalizzato e diretto, senza intermediari.<\/p>\n<p>Acquista un gioiello nato dal cuore del distretto <strong>orafo<\/strong> lecchese e porta con te la magia e il prestigio del <b data-path-to-node=\"10\" data-index-in-node=\"584\">Lago di Como<\/b>.<\/p>\n","protected":false},"featured_media":23596,"template":"","meta":{"_acf_changed":false},"product_brand":[],"product_cat":[497],"product_tag":[],"class_list":{"0":"post-26185","1":"product","2":"type-product","3":"status-publish","4":"has-post-thumbnail","6":"product_cat-ciondoli","7":"product_shipping_class-tutti-i-paesi-it","9":"first","10":"instock","11":"shipping-taxable","12":"purchasable","13":"product-type-simple"},"acf":[],"_links":{"self":[{"href":"https:\/\/www.silviakelly.it\/it\/wp-json\/wp\/v2\/product\/26185","targetHints":{"allow":["GET"]}}],"collection":[{"href":"https:\/\/www.silviakelly.it\/it\/wp-json\/wp\/v2\/product"}],"about":[{"href":"https:\/\/www.silviakelly.it\/it\/wp-json\/wp\/v2\/types\/product"}],"version-history":[{"count":7,"href":"https:\/\/www.silviakelly.it\/it\/wp-json\/wp\/v2\/product\/26185\/revisions"}],"predecessor-version":[{"id":38625,"href":"https:\/\/www.silviakelly.it\/it\/wp-json\/wp\/v2\/product\/26185\/revisions\/38625"}],"wp:featuredmedia":[{"embeddable":true,"href":"https:\/\/www.silviakelly.it\/it\/wp-json\/wp\/v2\/media\/23596"}],"wp:attachment":[{"href":"https:\/\/www.silviakelly.it\/it\/wp-json\/wp\/v2\/media?parent=26185"}],"wp:term":[{"taxonomy":"product_brand","embeddable":true,"href":"https:\/\/www.silviakelly.it\/it\/wp-json\/wp\/v2\/product_brand?post=26185"},{"taxonomy":"product_cat","embeddable":true,"href":"https:\/\/www.silviakelly.it\/it\/wp-json\/wp\/v2\/product_cat?post=26185"},{"taxonomy":"product_tag","embeddable":true,"href":"https:\/\/www.silviakelly.it\/it\/wp-json\/wp\/v2\/product_tag?post=26185"}],"curies":[{"name":"wp","href":"https:\/\/api.w.org\/{rel}","templated":true}]}}