{"id":26207,"date":"2021-04-19T05:10:04","date_gmt":"2021-04-19T05:10:04","guid":{"rendered":"https:\/\/www.silviakelly.it\/product\/ciondolo-soledad\/"},"modified":"2026-04-13T15:22:24","modified_gmt":"2026-04-13T15:22:24","slug":"ciondolo-soledad-giada-8s","status":"publish","type":"product","link":"https:\/\/www.silviakelly.it\/it\/prodotto\/ciondolo-soledad-giada-8s\/","title":{"rendered":"Soledad  Giada"},"content":{"rendered":"\t\t<div data-elementor-type=\"page\" data-elementor-id=\"25829\" class=\"elementor elementor-25829 elementor-25396\" data-elementor-post-type=\"elementor_library\">\n\t\t\t\t\t\t<section class=\"elementor-section elementor-top-section elementor-element elementor-element-e68b9b7 elementor-section-full_width elementor-section-height-default elementor-section-height-default\" data-id=\"e68b9b7\" data-element_type=\"section\" data-e-type=\"section\">\n\t\t\t\t\t\t<div class=\"elementor-container elementor-column-gap-default\">\n\t\t\t\t\t<div class=\"elementor-column elementor-col-100 elementor-top-column elementor-element elementor-element-a0a2560\" data-id=\"a0a2560\" data-element_type=\"column\" data-e-type=\"column\">\n\t\t\t<div class=\"elementor-widget-wrap elementor-element-populated\">\n\t\t\t\t\t\t<div class=\"elementor-element elementor-element-7c0a3d4 elementor-widget elementor-widget-pp-flipbox\" data-id=\"7c0a3d4\" data-element_type=\"widget\" data-e-type=\"widget\" data-widget_type=\"pp-flipbox.default\">\n\t\t\t\t<div class=\"elementor-widget-container\">\n\t\t\t\t\t\t\t<div class=\"pp-flipbox-container pp-animate-fade pp-direction-\">\n\t\t\t<div class=\"pp-flipbox-flip-card\">\n\t\t\t\t\t\t<div class=\"pp-flipbox-front\">\n\t\t\t<div class=\"pp-flipbox-overlay\">\n\t\t\t\t<div class=\"pp-flipbox-inner\">\n\t\t\t\t\t<div class=\"pp-flipbox-icon-image pp-icon\">\n\t\t\t\t\t\t\t\t\t\t\t\t\t<i aria-hidden=\"true\" class=\"icon icon-diamond11\"><\/i>\t\t\t\t\t\t\t\t\t\t\t<\/div>\n\n\t\t\t\t\t<h3 class=\"pp-flipbox-heading\">\n\t\t\t\t\t\tLA GIADA VERDE\t\t\t\t\t<\/h3>\n\n\t\t\t\t\t<div class=\"pp-flipbox-content\">\n\t\t\t\t\t\t\t\t\t\t\t<\/div>\n\t\t\t\t<\/div>\n\t\t\t<\/div>\n\t\t<\/div>\n\t\t\t\t<div class=\"pp-flipbox-back\">\n\t\t\t\t\t\t<div class=\"pp-flipbox-overlay\">\n\t\t\t\t<div class=\"pp-flipbox-inner\">\n\t\t\t\t\t\t\t\t\t\t\t<div class=\"pp-flipbox-icon-image-back pp-icon\">\n\t\t\t\t\t\t\t\t\t\t\t\t\t\t\t<i aria-hidden=\"true\" class=\"icon icon-diamond\"><\/i>\t\t\t\t\t\t\t\t\t\t\t\t\t<\/div>\n\t\t\t\t\t\n\t\t\t\t\t\t\t\t\t\t\t<h3 class=\"pp-flipbox-heading\">\n\t\t\t\t\t\t\tLA GIADA VERDE\t\t\t\t\t\t<\/h3>\n\t\t\t\t\t\n\t\t\t\t\t<div class=\"pp-flipbox-content\">\n\t\t\t\t\t\tOggi \u00e8 la giada giadeite ad essere considerata la vera giada (pi\u00f9 preziosa della nefrite perch\u00e9 ha un colore verde molto pi\u00f9 brillante e una maggiore traslucenza). Da sempre considerata in Cina gemma regale, il termine Yu (giada, in cinese) si usa per indicare qualcosa di prezioso, come per noi la parola oro. La giada giadeite si trova in Myanmar. Si dice che porti abbondanza, prosperit\u00e0, serenit\u00e0, saggezza, longevit\u00e0. Per migliaia di anni, la giada \u00e8 stata il simbolo dell'amore e della virt\u00f9.\t\t\t\t\t<\/div>\n\n\t\t\t\t\t\t\t\t\t<\/div>\n\t\t\t<\/div>\n\t\t<\/div>\n\t\t\t\t\t<\/div>\n\t\t<\/div>\n\t\t\t\t\t\t<\/div>\n\t\t\t\t<\/div>\n\t\t\t\t\t<\/div>\n\t\t<\/div>\n\t\t\t\t\t<\/div>\n\t\t<\/section>\n\t\t\t\t<\/div>\n\t\t\n","protected":false},"excerpt":{"rendered":"<h4>Ciondolo Soledad Giada (8S)<\/h4>\n<p style=\"text-align: left;\">Confucio (551-479 a.C.) sosteneva che la giada possedesse undici virt\u00f9, quelle che ogni uomo dovrebbe seguire nella sua condotta: \u201cLa giada \u00e8 morbida, dolce e lucida al tatto come la benevolenza, forte, compatta e bella come l\u2019intelligenza. Un difetto nella giada non si nasconde mai, come l\u2019educazione e la sincerit\u00e0\u201d.<\/p>\n<p data-path-to-node=\"6\">Il <b data-path-to-node=\"6\" data-index-in-node=\"3\">Ciondolo Soledad<\/b> di Silvia Kelly celebra una delle gemme pi\u00f9 affascinanti e antiche del mondo: la <b data-path-to-node=\"6\" data-index-in-node=\"101\">giada<\/b>. In questa creazione, la stessa non \u00e8 utilizzata come semplice pietra di contorno, ma come una vera e propria tela scultorea. La lastra \u00e8 selezionata per la sua compattezza e la sua tonalit\u00e0 vibrante, presenta un\u2019incisione meticolosa che ne esalta la tridimensionalit\u00e0. Lavorare la <b data-path-to-node=\"6\" data-index-in-node=\"396\">giada<\/b> richiede una competenza tecnica fuori dal comune, poich\u00e9 la sua tenacit\u00e0 sfida gli strumenti dell&#8217;orafo; vederla fiorire in motivi delicati \u00e8 un segno distintivo dell&#8217;alta oreficeria che portiamo avanti nel nostro laboratorio dal 1970.<\/p>\n<p data-path-to-node=\"8\">A differenza delle montature tradizionali, il modello Soledad avvolge la lastra di giada in un <strong>abbraccio<\/strong> bicolore di oro 18kt. L\u2019<strong>oro rosa<\/strong> avvolge la pietra, donandole un calore avvolgente, mentre l&#8217;<strong>oro bianco<\/strong> definisce i dettagli strutturali per un look moderno e sofisticato. Il tocco finale di prestigio \u00e8 dato dalla contromaglia, interamente realizzata in oro bianco e impreziosita da una fila di <b data-path-to-node=\"8\" data-index-in-node=\"414\">diamanti<\/b> taglio brillante. Questi piccoli punti luce creano il contrasto perfetto con la superficie satinata della gemma, elevando il ciondolo a pezzo da collezione. Ogni passaggio, dall&#8217;incastonatura della lastra alla finitura dei diamanti, \u00e8 eseguito a mano, garantendo un gioiello &#8220;Fatto a mano in Italia&#8221; impeccabile (se vi \u00e8 piaciuto questo ciondolo date uno sguardo anche al <a href=\"https:\/\/www.silviakelly.it\/it\/prodotto\/ciondolo-fotuo-giada\/\"><strong><em>ciondolo Fotuo<\/em><\/strong><\/a>).<\/p>\n<p data-path-to-node=\"10\">Pochi atelier in Italia dedicano alla <b data-path-to-node=\"10\" data-index-in-node=\"38\">giada<\/b> l&#8217;attenzione e la cura che troverete presso la nostra <b data-path-to-node=\"10\" data-index-in-node=\"98\">gioielleria a Lecco<\/b>. La nostra capacit\u00e0 di montare lastre incise con tale precisione \u00e8 frutto di decenni di esperienza del laboratorio orafo di famiglia. Se cerchi un gioiello che esca dai canoni classici e che racconti una storia di sapienza <strong>artigianale<\/strong> legata al territorio del <strong>Lago di Como<\/strong>, il Ciondolo Soledad \u00e8 la scelta ideale.<\/p>\n<p data-path-to-node=\"10\">Vi invitiamo nel nostro atelier per toccare con mano la setosit\u00e0 della <b data-path-to-node=\"10\" data-index-in-node=\"508\">giada<\/b> e scoprire come la nostra passione tutta al femminile sappia trasformare una pietra leggendaria in un gioiello contemporaneo e unico.<\/p>\n","protected":false},"featured_media":23556,"template":"","meta":{"_acf_changed":false},"product_brand":[],"product_cat":[497],"product_tag":[],"class_list":{"0":"post-26207","1":"product","2":"type-product","3":"status-publish","4":"has-post-thumbnail","6":"product_cat-ciondoli","7":"product_shipping_class-tutti-i-paesi-it","9":"first","10":"instock","11":"shipping-taxable","12":"purchasable","13":"product-type-simple"},"acf":[],"_links":{"self":[{"href":"https:\/\/www.silviakelly.it\/it\/wp-json\/wp\/v2\/product\/26207","targetHints":{"allow":["GET"]}}],"collection":[{"href":"https:\/\/www.silviakelly.it\/it\/wp-json\/wp\/v2\/product"}],"about":[{"href":"https:\/\/www.silviakelly.it\/it\/wp-json\/wp\/v2\/types\/product"}],"version-history":[{"count":9,"href":"https:\/\/www.silviakelly.it\/it\/wp-json\/wp\/v2\/product\/26207\/revisions"}],"predecessor-version":[{"id":39771,"href":"https:\/\/www.silviakelly.it\/it\/wp-json\/wp\/v2\/product\/26207\/revisions\/39771"}],"wp:featuredmedia":[{"embeddable":true,"href":"https:\/\/www.silviakelly.it\/it\/wp-json\/wp\/v2\/media\/23556"}],"wp:attachment":[{"href":"https:\/\/www.silviakelly.it\/it\/wp-json\/wp\/v2\/media?parent=26207"}],"wp:term":[{"taxonomy":"product_brand","embeddable":true,"href":"https:\/\/www.silviakelly.it\/it\/wp-json\/wp\/v2\/product_brand?post=26207"},{"taxonomy":"product_cat","embeddable":true,"href":"https:\/\/www.silviakelly.it\/it\/wp-json\/wp\/v2\/product_cat?post=26207"},{"taxonomy":"product_tag","embeddable":true,"href":"https:\/\/www.silviakelly.it\/it\/wp-json\/wp\/v2\/product_tag?post=26207"}],"curies":[{"name":"wp","href":"https:\/\/api.w.org\/{rel}","templated":true}]}}