{"id":26211,"date":"2021-04-19T05:10:04","date_gmt":"2021-04-19T05:10:04","guid":{"rendered":"https:\/\/www.silviakelly.it\/product\/ciondolo-tree-of-life\/"},"modified":"2026-03-16T16:35:35","modified_gmt":"2026-03-16T16:35:35","slug":"ciondolo-tree-of-life-diamanti","status":"publish","type":"product","link":"https:\/\/www.silviakelly.it\/it\/prodotto\/ciondolo-tree-of-life-diamanti\/","title":{"rendered":"Tree of Life Diamanti"},"content":{"rendered":"\t\t<div data-elementor-type=\"page\" data-elementor-id=\"25787\" class=\"elementor elementor-25787 elementor-25408\" data-elementor-post-type=\"elementor_library\">\n\t\t\t\t\t\t<section class=\"elementor-section elementor-top-section elementor-element elementor-element-e68b9b7 elementor-section-full_width elementor-section-height-default elementor-section-height-default\" data-id=\"e68b9b7\" data-element_type=\"section\" data-e-type=\"section\">\n\t\t\t\t\t\t<div class=\"elementor-container elementor-column-gap-default\">\n\t\t\t\t\t<div class=\"elementor-column elementor-col-100 elementor-top-column elementor-element elementor-element-a0a2560\" data-id=\"a0a2560\" data-element_type=\"column\" data-e-type=\"column\">\n\t\t\t<div class=\"elementor-widget-wrap elementor-element-populated\">\n\t\t\t\t\t\t<div class=\"elementor-element elementor-element-7c0a3d4 elementor-widget elementor-widget-pp-flipbox\" data-id=\"7c0a3d4\" data-element_type=\"widget\" data-e-type=\"widget\" data-widget_type=\"pp-flipbox.default\">\n\t\t\t\t<div class=\"elementor-widget-container\">\n\t\t\t\t\t\t\t<div class=\"pp-flipbox-container pp-animate-fade pp-direction-\">\n\t\t\t<div class=\"pp-flipbox-flip-card\">\n\t\t\t\t\t\t<div class=\"pp-flipbox-front\">\n\t\t\t<div class=\"pp-flipbox-overlay\">\n\t\t\t\t<div class=\"pp-flipbox-inner\">\n\t\t\t\t\t<div class=\"pp-flipbox-icon-image pp-icon\">\n\t\t\t\t\t\t\t\t\t\t\t\t\t<i aria-hidden=\"true\" class=\"icon icon-diamond11\"><\/i>\t\t\t\t\t\t\t\t\t\t\t<\/div>\n\n\t\t\t\t\t<h3 class=\"pp-flipbox-heading\">\n\t\t\t\t\t\tIL DIAMANTE\t\t\t\t\t<\/h3>\n\n\t\t\t\t\t<div class=\"pp-flipbox-content\">\n\t\t\t\t\t\t\t\t\t\t\t<\/div>\n\t\t\t\t<\/div>\n\t\t\t<\/div>\n\t\t<\/div>\n\t\t\t\t<div class=\"pp-flipbox-back\">\n\t\t\t\t\t\t<div class=\"pp-flipbox-overlay\">\n\t\t\t\t<div class=\"pp-flipbox-inner\">\n\t\t\t\t\t\t\t\t\t\t\t<div class=\"pp-flipbox-icon-image-back pp-icon\">\n\t\t\t\t\t\t\t\t\t\t\t\t\t\t\t<i aria-hidden=\"true\" class=\"icon icon-diamond\"><\/i>\t\t\t\t\t\t\t\t\t\t\t\t\t<\/div>\n\t\t\t\t\t\n\t\t\t\t\t\t\t\t\t\t\t<h3 class=\"pp-flipbox-heading\">\n\t\t\t\t\t\t\tIL DIAMANTE\t\t\t\t\t\t<\/h3>\n\t\t\t\t\t\n\t\t\t\t\t<div class=\"pp-flipbox-content\">\n\t\t\t\t\t\tIl nome della pietra deriva dalla parola greca adamas che significa \u201cindomabile\u201d, a indicare la sua particolare durezza. \u00c8 il materiale pi\u00f9 duro esistente in natura, con una brillantezza abbagliante.\nLe propriet\u00e0 del diamante risaltano maggiormente con il taglio \u201ca brillante\u201d. I maggiori giacimenti di diamanti si trovano in Brasile, India e Sudafrica.\t\t\t\t\t<\/div>\n\n\t\t\t\t\t\t\t\t\t<\/div>\n\t\t\t<\/div>\n\t\t<\/div>\n\t\t\t\t\t<\/div>\n\t\t<\/div>\n\t\t\t\t\t\t<\/div>\n\t\t\t\t<\/div>\n\t\t\t\t\t<\/div>\n\t\t<\/div>\n\t\t\t\t\t<\/div>\n\t\t<\/section>\n\t\t\t\t<\/div>\n\t\t\n\t\t<div data-elementor-type=\"page\" data-elementor-id=\"25783\" class=\"elementor elementor-25783 elementor-25356\" data-elementor-post-type=\"elementor_library\">\n\t\t\t\t\t\t<section class=\"elementor-section elementor-top-section elementor-element elementor-element-e68b9b7 elementor-section-full_width elementor-section-height-default elementor-section-height-default\" data-id=\"e68b9b7\" data-element_type=\"section\" data-e-type=\"section\">\n\t\t\t\t\t\t<div class=\"elementor-container elementor-column-gap-default\">\n\t\t\t\t\t<div class=\"elementor-column elementor-col-100 elementor-top-column elementor-element elementor-element-a0a2560\" data-id=\"a0a2560\" data-element_type=\"column\" data-e-type=\"column\">\n\t\t\t<div class=\"elementor-widget-wrap elementor-element-populated\">\n\t\t\t\t\t\t<div class=\"elementor-element elementor-element-7c0a3d4 elementor-widget elementor-widget-pp-flipbox\" data-id=\"7c0a3d4\" data-element_type=\"widget\" data-e-type=\"widget\" data-widget_type=\"pp-flipbox.default\">\n\t\t\t\t<div class=\"elementor-widget-container\">\n\t\t\t\t\t\t\t<div class=\"pp-flipbox-container pp-animate-fade pp-direction-\">\n\t\t\t<div class=\"pp-flipbox-flip-card\">\n\t\t\t\t\t\t<div class=\"pp-flipbox-front\">\n\t\t\t<div class=\"pp-flipbox-overlay\">\n\t\t\t\t<div class=\"pp-flipbox-inner\">\n\t\t\t\t\t<div class=\"pp-flipbox-icon-image pp-icon\">\n\t\t\t\t\t\t\t\t\t\t\t\t\t<i aria-hidden=\"true\" class=\"icon icon-diamond11\"><\/i>\t\t\t\t\t\t\t\t\t\t\t<\/div>\n\n\t\t\t\t\t<h3 class=\"pp-flipbox-heading\">\n\t\t\t\t\t\tIL RUBINO\t\t\t\t\t<\/h3>\n\n\t\t\t\t\t<div class=\"pp-flipbox-content\">\n\t\t\t\t\t\t\t\t\t\t\t<\/div>\n\t\t\t\t<\/div>\n\t\t\t<\/div>\n\t\t<\/div>\n\t\t\t\t<div class=\"pp-flipbox-back\">\n\t\t\t\t\t\t<div class=\"pp-flipbox-overlay\">\n\t\t\t\t<div class=\"pp-flipbox-inner\">\n\t\t\t\t\t\t\t\t\t\t\t<div class=\"pp-flipbox-icon-image-back pp-icon\">\n\t\t\t\t\t\t\t\t\t\t\t\t\t\t\t<i aria-hidden=\"true\" class=\"icon icon-diamond\"><\/i>\t\t\t\t\t\t\t\t\t\t\t\t\t<\/div>\n\t\t\t\t\t\n\t\t\t\t\t\t\t\t\t\t\t<h3 class=\"pp-flipbox-heading\">\n\t\t\t\t\t\t\tIL RUBINO\t\t\t\t\t\t<\/h3>\n\t\t\t\t\t\n\t\t\t\t\t<div class=\"pp-flipbox-content\">\n\t\t\t\t\t\tL\u2019origine del suo nome deriva dal suo colore, dal latino rubeus che significa rosso. Infatti, il rubino \u00e8 la variet\u00e0 rossa del corindone, una classe minerale che comprende anche lo zaffiro. \u00c8 una delle pietre preziose pi\u00f9 rare e storicamente le pi\u00f9 ricercate sono quelle provenienti dalla regione di Mogok, in Birmania (ora Myanmar). Diversi giacimenti di rubino si trovano anche in Africa orientale. Il rubino \u00e8 considerato la pietra dell\u2019amore passionale. Dotato di poteri misteriosi, allontanerebbe la tristezza e dormire con un rubino sotto il cuscino aiuterebbe a riposare meglio.\t\t\t\t\t<\/div>\n\n\t\t\t\t\t\t\t\t\t<\/div>\n\t\t\t<\/div>\n\t\t<\/div>\n\t\t\t\t\t<\/div>\n\t\t<\/div>\n\t\t\t\t\t\t<\/div>\n\t\t\t\t<\/div>\n\t\t\t\t\t<\/div>\n\t\t<\/div>\n\t\t\t\t\t<\/div>\n\t\t<\/section>\n\t\t\t\t<\/div>\n\t\t\n","protected":false},"excerpt":{"rendered":"<h4>Ciondolo Tree of Life Diamanti<\/h4>\n<p style=\"text-align: left;\">\u201cFiori e frutti fanno la gioia di chi osserva, ma le radici profonde salvano l\u2019albero nella tempesta.\u201c \u2013 Ferruccio Parrinello<\/p>\n<p>Il <b data-path-to-node=\"6\" data-index-in-node=\"3\">Ciondolo Tree of Life Diamanti<\/b> in questa versione di alta gamma \u00e8 un&#8217;esplosione di eleganza e tecnica orafa. Il design aereo dell&#8217;albero \u00e8 impreziosito da <b data-path-to-node=\"6\" data-index-in-node=\"149\">diamanti<\/b> taglio brillante rotondo, che donano una lucentezza pura e cristallina ai rami in <strong>oro<\/strong> 18kt. A creare un contrasto magnetico e moderno intervengono i <b data-path-to-node=\"6\" data-index-in-node=\"336\">diamanti neri<\/b>, piccoli punti di oscurit\u00e0 luminosa che definiscono il carattere del gioiello. Il punto focale \u00e8 per\u00f2 la magnifica rondella liscia di <b data-path-to-node=\"6\" data-index-in-node=\"493\">rubino<\/b>, che con il suo rosso vibrante simboleggia la linfa vitale e la passione, rendendo questo pendente un pezzo d&#8217;arte <strong>unico<\/strong> e sofisticato.<\/p>\n<p>La complessit\u00e0 di montare pietre di diversa natura, come i <b data-path-to-node=\"8\" data-index-in-node=\"59\">diamanti<\/b> bianchi e neri insieme a una rondella di <b data-path-to-node=\"8\" data-index-in-node=\"109\">rubino<\/b> di queste dimensioni, richiede l&#8217;esperienza dei nostri maestri orafi nel laboratorio di Lecco. Ogni pietra \u00e8 selezionata per rispettare standard qualitativi altissimi, garantendo che il peso totale dei carati rifletta un valore reale e duraturo. Se cerchi una <b data-path-to-node=\"8\" data-index-in-node=\"382\">gioielleria a Lecco<\/b> capace di realizzare pezzi che fondono pietre preziose e design d&#8217;avanguardia, Silvia Kelly \u00e8 il tuo punto di riferimento.<br \/>\nVenite a scoprire nel nostro <strong>atelier<\/strong> come la precisione del taglio brillante rotondo dei nostri <b data-path-to-node=\"8\" data-index-in-node=\"621\">diamanti<\/b> si sposi con la morbidezza della giada o del rubino.<\/p>\n<p>Questo <strong>Tree of Life<\/strong> non \u00e8 solo un gioiello simbolico, ma un oggetto di lusso estremo nato dalla nostra fabbrica orafa del territorio Lombardo. La combinazione di <b data-path-to-node=\"10\" data-index-in-node=\"162\">diamanti<\/b> e il generoso <b data-path-to-node=\"10\" data-index-in-node=\"195\">rubino <\/b>\u00a0lo posiziona tra le creazioni pi\u00f9 prestigiose della collezione, ideale per chi desidera il prestigio del &#8220;<strong>Made in Lake Como<\/strong>&#8220;.<\/p>\n<p>Vi aspettiamo nel nostro negozio sul Lago di Como, aperto tutti i giorni tranne la domenica, per mostrarvi la brillantezza di queste gemme e la qualit\u00e0 delle nostre <strong>montature artigianali,<\/strong> complete di certificazione e packaging esclusivo.<\/p>\n","protected":false},"featured_media":23548,"template":"","meta":{"_acf_changed":false},"product_brand":[],"product_cat":[497],"product_tag":[],"class_list":{"0":"post-26211","1":"product","2":"type-product","3":"status-publish","4":"has-post-thumbnail","6":"product_cat-ciondoli","7":"product_shipping_class-tutti-i-paesi-it","9":"first","10":"instock","11":"shipping-taxable","12":"purchasable","13":"product-type-simple"},"acf":[],"_links":{"self":[{"href":"https:\/\/www.silviakelly.it\/it\/wp-json\/wp\/v2\/product\/26211","targetHints":{"allow":["GET"]}}],"collection":[{"href":"https:\/\/www.silviakelly.it\/it\/wp-json\/wp\/v2\/product"}],"about":[{"href":"https:\/\/www.silviakelly.it\/it\/wp-json\/wp\/v2\/types\/product"}],"version-history":[{"count":5,"href":"https:\/\/www.silviakelly.it\/it\/wp-json\/wp\/v2\/product\/26211\/revisions"}],"predecessor-version":[{"id":38666,"href":"https:\/\/www.silviakelly.it\/it\/wp-json\/wp\/v2\/product\/26211\/revisions\/38666"}],"wp:featuredmedia":[{"embeddable":true,"href":"https:\/\/www.silviakelly.it\/it\/wp-json\/wp\/v2\/media\/23548"}],"wp:attachment":[{"href":"https:\/\/www.silviakelly.it\/it\/wp-json\/wp\/v2\/media?parent=26211"}],"wp:term":[{"taxonomy":"product_brand","embeddable":true,"href":"https:\/\/www.silviakelly.it\/it\/wp-json\/wp\/v2\/product_brand?post=26211"},{"taxonomy":"product_cat","embeddable":true,"href":"https:\/\/www.silviakelly.it\/it\/wp-json\/wp\/v2\/product_cat?post=26211"},{"taxonomy":"product_tag","embeddable":true,"href":"https:\/\/www.silviakelly.it\/it\/wp-json\/wp\/v2\/product_tag?post=26211"}],"curies":[{"name":"wp","href":"https:\/\/api.w.org\/{rel}","templated":true}]}}