{"id":29745,"date":"2021-08-25T12:42:34","date_gmt":"2021-08-25T12:42:34","guid":{"rendered":"https:\/\/www.silviakelly.it\/product\/girocollo-mongolfiera\/"},"modified":"2026-03-25T12:07:51","modified_gmt":"2026-03-25T12:07:51","slug":"girocollo-mongolfiera-diamanti","status":"publish","type":"product","link":"https:\/\/www.silviakelly.it\/it\/prodotto\/girocollo-mongolfiera-diamanti\/","title":{"rendered":"Mongolfiera Diamanti"},"content":{"rendered":"\t\t<div data-elementor-type=\"page\" data-elementor-id=\"25857\" class=\"elementor elementor-25857 elementor-24322\" data-elementor-post-type=\"elementor_library\">\n\t\t\t\t\t\t<section class=\"elementor-section elementor-top-section elementor-element elementor-element-e68b9b7 elementor-section-full_width elementor-section-height-default elementor-section-height-default\" data-id=\"e68b9b7\" data-element_type=\"section\" data-e-type=\"section\">\n\t\t\t\t\t\t<div class=\"elementor-container elementor-column-gap-default\">\n\t\t\t\t\t<div class=\"elementor-column elementor-col-100 elementor-top-column elementor-element elementor-element-a0a2560\" data-id=\"a0a2560\" data-element_type=\"column\" data-e-type=\"column\">\n\t\t\t<div class=\"elementor-widget-wrap elementor-element-populated\">\n\t\t\t\t\t\t<div class=\"elementor-element elementor-element-7c0a3d4 elementor-widget elementor-widget-pp-flipbox\" data-id=\"7c0a3d4\" data-element_type=\"widget\" data-e-type=\"widget\" data-widget_type=\"pp-flipbox.default\">\n\t\t\t\t<div class=\"elementor-widget-container\">\n\t\t\t\t\t\t\t<div class=\"pp-flipbox-container pp-animate-fade pp-direction-\">\n\t\t\t<div class=\"pp-flipbox-flip-card\">\n\t\t\t\t\t\t<div class=\"pp-flipbox-front\">\n\t\t\t<div class=\"pp-flipbox-overlay\">\n\t\t\t\t<div class=\"pp-flipbox-inner\">\n\t\t\t\t\t<div class=\"pp-flipbox-icon-image pp-icon\">\n\t\t\t\t\t\t\t\t\t\t\t\t\t<i aria-hidden=\"true\" class=\"icon icon-diamond11\"><\/i>\t\t\t\t\t\t\t\t\t\t\t<\/div>\n\n\t\t\t\t\t<h3 class=\"pp-flipbox-heading\">\n\t\t\t\t\t\tIL DIAMANTE\t\t\t\t\t<\/h3>\n\n\t\t\t\t\t<div class=\"pp-flipbox-content\">\n\t\t\t\t\t\t\t\t\t\t\t<\/div>\n\t\t\t\t<\/div>\n\t\t\t<\/div>\n\t\t<\/div>\n\t\t\t\t<div class=\"pp-flipbox-back\">\n\t\t\t\t\t\t<div class=\"pp-flipbox-overlay\">\n\t\t\t\t<div class=\"pp-flipbox-inner\">\n\t\t\t\t\t\t\t\t\t\t\t<div class=\"pp-flipbox-icon-image-back pp-icon\">\n\t\t\t\t\t\t\t\t\t\t\t\t\t\t\t<i aria-hidden=\"true\" class=\"icon icon-diamond\"><\/i>\t\t\t\t\t\t\t\t\t\t\t\t\t<\/div>\n\t\t\t\t\t\n\t\t\t\t\t\t\t\t\t\t\t<h3 class=\"pp-flipbox-heading\">\n\t\t\t\t\t\t\tIL DIAMANTE\t\t\t\t\t\t<\/h3>\n\t\t\t\t\t\n\t\t\t\t\t<div class=\"pp-flipbox-content\">\n\t\t\t\t\t\tIl nome della pietra deriva dalla parola greca adamas che significa \u201cindomabile\u201d, a indicare la sua particolare durezza. \u00c8 il materiale pi\u00f9 duro esistente in natura, con una brillantezza abbagliante.\nLe propriet\u00e0 del diamante risaltano maggiormente con il taglio \u201ca brillante\u201d. e che rafforzi la mente e attiri la prosperit\u00e0.\t\t\t\t\t<\/div>\n\n\t\t\t\t\t\t\t\t\t<\/div>\n\t\t\t<\/div>\n\t\t<\/div>\n\t\t\t\t\t<\/div>\n\t\t<\/div>\n\t\t\t\t\t\t<\/div>\n\t\t\t\t<\/div>\n\t\t\t\t\t<\/div>\n\t\t<\/div>\n\t\t\t\t\t<\/div>\n\t\t<\/section>\n\t\t\t\t<\/div>\n\t\t\n\t\t<div data-elementor-type=\"page\" data-elementor-id=\"25839\" class=\"elementor elementor-25839 elementor-25390\" data-elementor-post-type=\"elementor_library\">\n\t\t\t\t\t\t<section class=\"elementor-section elementor-top-section elementor-element elementor-element-e68b9b7 elementor-section-full_width elementor-section-height-default elementor-section-height-default\" data-id=\"e68b9b7\" data-element_type=\"section\" data-e-type=\"section\">\n\t\t\t\t\t\t<div class=\"elementor-container elementor-column-gap-default\">\n\t\t\t\t\t<div class=\"elementor-column elementor-col-100 elementor-top-column elementor-element elementor-element-a0a2560\" data-id=\"a0a2560\" data-element_type=\"column\" data-e-type=\"column\">\n\t\t\t<div class=\"elementor-widget-wrap elementor-element-populated\">\n\t\t\t\t\t\t<div class=\"elementor-element elementor-element-7c0a3d4 elementor-widget elementor-widget-pp-flipbox\" data-id=\"7c0a3d4\" data-element_type=\"widget\" data-e-type=\"widget\" data-widget_type=\"pp-flipbox.default\">\n\t\t\t\t<div class=\"elementor-widget-container\">\n\t\t\t\t\t\t\t<div class=\"pp-flipbox-container pp-animate-fade pp-direction-\">\n\t\t\t<div class=\"pp-flipbox-flip-card\">\n\t\t\t\t\t\t<div class=\"pp-flipbox-front\">\n\t\t\t<div class=\"pp-flipbox-overlay\">\n\t\t\t\t<div class=\"pp-flipbox-inner\">\n\t\t\t\t\t<div class=\"pp-flipbox-icon-image pp-icon\">\n\t\t\t\t\t\t\t\t\t\t\t\t\t<i aria-hidden=\"true\" class=\"icon icon-diamond11\"><\/i>\t\t\t\t\t\t\t\t\t\t\t<\/div>\n\n\t\t\t\t\t<h3 class=\"pp-flipbox-heading\">\n\t\t\t\t\t\tLA TANZANITE\t\t\t\t\t<\/h3>\n\n\t\t\t\t\t<div class=\"pp-flipbox-content\">\n\t\t\t\t\t\t\t\t\t\t\t<\/div>\n\t\t\t\t<\/div>\n\t\t\t<\/div>\n\t\t<\/div>\n\t\t\t\t<div class=\"pp-flipbox-back\">\n\t\t\t\t\t\t<div class=\"pp-flipbox-overlay\">\n\t\t\t\t<div class=\"pp-flipbox-inner\">\n\t\t\t\t\t\t\t\t\t\t\t<div class=\"pp-flipbox-icon-image-back pp-icon\">\n\t\t\t\t\t\t\t\t\t\t\t\t\t\t\t<i aria-hidden=\"true\" class=\"icon icon-diamond\"><\/i>\t\t\t\t\t\t\t\t\t\t\t\t\t<\/div>\n\t\t\t\t\t\n\t\t\t\t\t\t\t\t\t\t\t<h3 class=\"pp-flipbox-heading\">\n\t\t\t\t\t\t\tLA TANZANITE\t\t\t\t\t\t<\/h3>\n\t\t\t\t\t\n\t\t\t\t\t<div class=\"pp-flipbox-content\">\n\t\t\t\t\t\tUn esperto di gemme us\u00f2 queste parole per descrivere questa pietra: \u201cla tanzanite appare come uno zaffiro desidererebbe essere\u201d. Pietra molto preziosa, perch\u00e9 considerata mille volte pi\u00f9 rara di un diamante, il suo nome deriva dalla Tanzania. Alle pendici del Kilimangiaro, infatti, si trova l\u2019unico giacimento al mondo di questa pietra. Si dice che rappresenti la vitalit\u00e0 e l\u2019energia e, indossata, apporti ottimi benefici a corpo, mente e spirito.\n\t\t\t\t\t<\/div>\n\n\t\t\t\t\t\t\t\t\t<\/div>\n\t\t\t<\/div>\n\t\t<\/div>\n\t\t\t\t\t<\/div>\n\t\t<\/div>\n\t\t\t\t\t\t<\/div>\n\t\t\t\t<\/div>\n\t\t\t\t\t<\/div>\n\t\t<\/div>\n\t\t\t\t\t<\/div>\n\t\t<\/section>\n\t\t\t\t<\/div>\n\t\t\n","protected":false},"excerpt":{"rendered":"<h4>Girocollo Mongolfiera Diamanti<\/h4>\n<p style=\"text-align: left;\">Si narra che il dio delle miniere un giorno abbia riunito tutte le pietre preziose a sua disposizione per creare il primo diamante. Esso \u00e8 infatti incolore, ma esposto alla luce rivela i colori di tutte le pietre che lo compongono.<\/p>\n<p data-path-to-node=\"5\">Nel panorama dell&#8217;alta gioielleria <strong>artigianale<\/strong>, pochi elementi sanno emozionare quanto i <b data-path-to-node=\"5\" data-index-in-node=\"89\">diamanti<\/b> selezionati per la loro purezza e il loro fuoco interno. Il Girocollo Mongolfiera di Silvia Kelly nasce proprio per celebrare questa pietra straordinaria, trasformandola nel cuore pulsante di un design che sfida la gravit\u00e0. Ogni singolo punto luce \u00e8 incastonato per massimizzare il passaggio della luce, permettendo ai <b data-path-to-node=\"5\" data-index-in-node=\"417\">diamanti<\/b> di sprigionare quei riflessi cristallini che rendono il decollet\u00e9 immediatamente radioso. Scegliere un gioiello impreziosito da <b data-path-to-node=\"5\" data-index-in-node=\"554\">diamanti<\/b> significa investire in un\u2019eleganza eterna, capace di attraversare le mode e di raccontare una storia di lusso sussurrato e senza tempo.<\/p>\n<p data-path-to-node=\"6\"><b data-path-to-node=\"6\" data-index-in-node=\"0\">Un design iconico: la Collezione Mongolfiera<\/b><\/p>\n<p data-path-to-node=\"7\">Questo girocollo fa parte della celebre <strong><a class=\"ng-star-inserted\" href=\"https:\/\/www.silviakelly.it\/it\/collezione-mongolfiera-diamanti\/\" target=\"_blank\" rel=\"noopener\" data-hveid=\"0\" data-ved=\"0CAAQ_4QMahgKEwikqI_N77qTAxUAAAAAHQAAAAAQgwE\">Collezione Mongolfiera Diamanti<\/a><\/strong>, una linea che ha ridefinito il concetto di volume prezioso nel nostro atelier. La forma a &#8220;mongolfiera&#8221; \u00e8 un&#8217;architettura <strong>orafa<\/strong> complessa e affascinante: una struttura aerea in oro 18kt che racchiude e protegge la luminosit\u00e0 dei <b data-path-to-node=\"7\" data-index-in-node=\"302\">diamanti<\/b>, creando un gioco di trasparenze e riflessi unico nel suo genere. La costruzione bicolore esalta la silhouette curvilinea del pendente, rendendolo un oggetto d&#8217;arte da indossare. La particolarit\u00e0 della collezione risiede proprio in questa capacit\u00e0 di dare corpo alla luce, dove l&#8217;oro si piega sapientemente per sorreggere i <b data-path-to-node=\"7\" data-index-in-node=\"647\">diamanti<\/b> in una danza visiva che evoca la magia di un viaggio verso l&#8217;alto.<\/p>\n<p data-path-to-node=\"8\"><b data-path-to-node=\"8\" data-index-in-node=\"0\">Eccellenza artigianale Silvia Kelly: il fatto a mano a Lecco<\/b><\/p>\n<p data-path-to-node=\"9\">La realizzazione di un pezzo cos\u00ec articolato richiede una maestria tecnica che solo una vera officina creativa pu\u00f2 vantare. Presso il nostro laboratorio <strong>artigianale<\/strong> orafo di Lecco, ogni Girocollo Mongolfiera viene rifinito con una cura maniacale per i dettagli: dalla precisione dei castoni che accolgono i <b data-path-to-node=\"9\" data-index-in-node=\"295\">diamanti<\/b> alla lucidatura specchiata delle superfici in oro. Essendo una produzione interamente <b data-path-to-node=\"9\" data-index-in-node=\"390\">Made in Italy<\/b>, garantiamo una qualit\u00e0 superiore e la possibilit\u00e0 di personalizzare il gioiello secondo i vostri desideri, scegliendo ad esempio la tonalit\u00e0 del metallo o le pietre nella catena.<\/p>\n<p data-path-to-node=\"9\">Vi invitiamo nella nostra gioielleria sul <strong>Lago di Com<\/strong>o per scoprire dal vivo come la struttura Mongolfiera sappia trasformare la materia preziosa in un&#8217;emozione leggera e splendente.<\/p>\n","protected":false},"featured_media":29752,"template":"","meta":{"_acf_changed":false},"product_brand":[],"product_cat":[419],"product_tag":[],"class_list":{"0":"post-29745","1":"product","2":"type-product","3":"status-publish","4":"has-post-thumbnail","6":"product_cat-girocolli","7":"product_shipping_class-tutti-i-paesi-it","9":"first","10":"instock","11":"shipping-taxable","12":"purchasable","13":"product-type-simple"},"acf":[],"_links":{"self":[{"href":"https:\/\/www.silviakelly.it\/it\/wp-json\/wp\/v2\/product\/29745","targetHints":{"allow":["GET"]}}],"collection":[{"href":"https:\/\/www.silviakelly.it\/it\/wp-json\/wp\/v2\/product"}],"about":[{"href":"https:\/\/www.silviakelly.it\/it\/wp-json\/wp\/v2\/types\/product"}],"version-history":[{"count":7,"href":"https:\/\/www.silviakelly.it\/it\/wp-json\/wp\/v2\/product\/29745\/revisions"}],"predecessor-version":[{"id":39311,"href":"https:\/\/www.silviakelly.it\/it\/wp-json\/wp\/v2\/product\/29745\/revisions\/39311"}],"wp:featuredmedia":[{"embeddable":true,"href":"https:\/\/www.silviakelly.it\/it\/wp-json\/wp\/v2\/media\/29752"}],"wp:attachment":[{"href":"https:\/\/www.silviakelly.it\/it\/wp-json\/wp\/v2\/media?parent=29745"}],"wp:term":[{"taxonomy":"product_brand","embeddable":true,"href":"https:\/\/www.silviakelly.it\/it\/wp-json\/wp\/v2\/product_brand?post=29745"},{"taxonomy":"product_cat","embeddable":true,"href":"https:\/\/www.silviakelly.it\/it\/wp-json\/wp\/v2\/product_cat?post=29745"},{"taxonomy":"product_tag","embeddable":true,"href":"https:\/\/www.silviakelly.it\/it\/wp-json\/wp\/v2\/product_tag?post=29745"}],"curies":[{"name":"wp","href":"https:\/\/api.w.org\/{rel}","templated":true}]}}