{"id":29763,"date":"2021-08-25T14:35:14","date_gmt":"2021-08-25T14:35:14","guid":{"rendered":"https:\/\/www.silviakelly.it\/product\/girocollo-monete\/"},"modified":"2026-03-11T14:14:27","modified_gmt":"2026-03-11T14:14:27","slug":"collana-monete-marco-aurelio","status":"publish","type":"product","link":"https:\/\/www.silviakelly.it\/it\/prodotto\/collana-monete-marco-aurelio\/","title":{"rendered":"Monete Marco Aurelio"},"content":{"rendered":"\t\t<div data-elementor-type=\"page\" data-elementor-id=\"25836\" class=\"elementor elementor-25836 elementor-25393\" data-elementor-post-type=\"elementor_library\">\n\t\t\t\t\t\t<section class=\"elementor-section elementor-top-section elementor-element elementor-element-e68b9b7 elementor-section-full_width elementor-section-height-default elementor-section-height-default\" data-id=\"e68b9b7\" data-element_type=\"section\" data-e-type=\"section\">\n\t\t\t\t\t\t<div class=\"elementor-container elementor-column-gap-default\">\n\t\t\t\t\t<div class=\"elementor-column elementor-col-100 elementor-top-column elementor-element elementor-element-a0a2560\" data-id=\"a0a2560\" data-element_type=\"column\" data-e-type=\"column\">\n\t\t\t<div class=\"elementor-widget-wrap elementor-element-populated\">\n\t\t\t\t\t\t<div class=\"elementor-element elementor-element-7c0a3d4 elementor-widget elementor-widget-pp-flipbox\" data-id=\"7c0a3d4\" data-element_type=\"widget\" data-e-type=\"widget\" data-widget_type=\"pp-flipbox.default\">\n\t\t\t\t<div class=\"elementor-widget-container\">\n\t\t\t\t\t\t\t<div class=\"pp-flipbox-container pp-animate-fade pp-direction-\">\n\t\t\t<div class=\"pp-flipbox-flip-card\">\n\t\t\t\t\t\t<div class=\"pp-flipbox-front\">\n\t\t\t<div class=\"pp-flipbox-overlay\">\n\t\t\t\t<div class=\"pp-flipbox-inner\">\n\t\t\t\t\t<div class=\"pp-flipbox-icon-image pp-icon\">\n\t\t\t\t\t\t\t\t\t\t\t\t\t<i aria-hidden=\"true\" class=\"icon icon-diamond11\"><\/i>\t\t\t\t\t\t\t\t\t\t\t<\/div>\n\n\t\t\t\t\t<h3 class=\"pp-flipbox-heading\">\n\t\t\t\t\t\tLE MONETE IN ARGENTO\t\t\t\t\t<\/h3>\n\n\t\t\t\t\t<div class=\"pp-flipbox-content\">\n\t\t\t\t\t\t\t\t\t\t\t<\/div>\n\t\t\t\t<\/div>\n\t\t\t<\/div>\n\t\t<\/div>\n\t\t\t\t<div class=\"pp-flipbox-back\">\n\t\t\t\t\t\t<div class=\"pp-flipbox-overlay\">\n\t\t\t\t<div class=\"pp-flipbox-inner\">\n\t\t\t\t\t\t\t\t\t\t\t<div class=\"pp-flipbox-icon-image-back pp-icon\">\n\t\t\t\t\t\t\t\t\t\t\t\t\t\t\t<i aria-hidden=\"true\" class=\"icon icon-diamond\"><\/i>\t\t\t\t\t\t\t\t\t\t\t\t\t<\/div>\n\t\t\t\t\t\n\t\t\t\t\t\t\t\t\t\t\t<h3 class=\"pp-flipbox-heading\">\n\t\t\t\t\t\t\tLE MONETE IN ARGENTO\t\t\t\t\t\t<\/h3>\n\t\t\t\t\t\n\t\t\t\t\t<div class=\"pp-flipbox-content\">\n\t\t\t\t\t\tLe monete realizzate in argento 925 brunito, sono riprodotte da un Antoniniano originale, con soggetto Filippo I; da un Denario originale, con soggetto Marco Aurelio; e da un Asse originale, con soggetto Augusto.\n\t\t\t\t\t<\/div>\n\n\t\t\t\t\t\t\t\t\t<\/div>\n\t\t\t<\/div>\n\t\t<\/div>\n\t\t\t\t\t<\/div>\n\t\t<\/div>\n\t\t\t\t\t\t<\/div>\n\t\t\t\t<\/div>\n\t\t\t\t\t<\/div>\n\t\t<\/div>\n\t\t\t\t\t<\/div>\n\t\t<\/section>\n\t\t\t\t<\/div>\n\t\t\n","protected":false},"excerpt":{"rendered":"<h4>Collana Monete Marco Aurelio<\/h4>\n<p style=\"text-align: left;\">Mi chiamo Massimo Decimo Meridio, comandante dell\u2019esercito del Nord, generale delle legioni Felix, servo leale dell\u2019unico vero imperatore Marco Aurelio. Padre di un figlio assassinato, marito di una moglie uccisa\u2026 E avr\u00f2 la mia vendetta, in questa vita o nell\u2019altra. (Cit. dal film &#8220;Il Gladiatore&#8221;)<\/p>\n<p data-path-to-node=\"8\">Indossare la storia significa abbracciare un\u2019eredit\u00e0 che non conosce tramonto. Questa esclusiva <b data-path-to-node=\"8\" data-index-in-node=\"96\">collana\u00a0 Monete<\/b> celebra la grandezza dell\u2019Antica Roma, traendo ispirazione dalla saggezza e dalla forza dell\u2019imperatore filosofo per eccellenza. Il design si sviluppa attorno a preziose repliche di <b data-path-to-node=\"8\" data-index-in-node=\"297\">monete in argento brunito<\/b>, fedelmente coniate per riprodurre l\u2019effigie di <b data-path-to-node=\"8\" data-index-in-node=\"363\">Marco Aurelio<\/b>, simbolo di equilibrio e potere illuminato.<\/p>\n<p data-path-to-node=\"9\">La struttura della collana \u00e8 un capolavoro di contrasti cromatici e metalli nobili. L&#8217;intreccio sapiente tra l\u2019<b data-path-to-node=\"9\" data-index-in-node=\"111\">oro rosa<\/b>\u00a0 e l\u2019<b data-path-to-node=\"9\" data-index-in-node=\"129\">oro bianco<\/b> crea un gioco di luci moderno, capace di esaltare la patina antica dell\u2019argento. Mentre l\u2019oro bianco dona una luminosit\u00e0 glaciale e contemporanea, l\u2019oro rosa scalda la composizione, evocando i riflessi dei tramonti sui<strong> Fori Imperiali<\/strong>.<\/p>\n<p data-path-to-node=\"10\">Perfetta per chi cerca un gioiello che sia al contempo un amuleto e un pezzo d&#8217;alta moda, questa <b data-path-to-node=\"10\" data-index-in-node=\"97\">collana Monete Marco Aurelio<\/b> si distingue per la sua versatilit\u00e0 raffinata. Ogni dettaglio \u00e8 pensato per chi vuole portare con s\u00e9 un frammento di eternit\u00e0, unendo il fascino del passato all&#8217;eccellenza artigianale del presente.<br \/>\nChe sia per un evento formale o per elevare un look quotidiano, questo gioiello non \u00e8 solo un accessorio, ma un racconto di gloria da indossare sulla pelle.<\/p>\n","protected":false},"featured_media":31259,"template":"","meta":{"_acf_changed":false},"product_brand":[],"product_cat":[447],"product_tag":[],"class_list":{"0":"post-29763","1":"product","2":"type-product","3":"status-publish","4":"has-post-thumbnail","6":"product_cat-collane","7":"product_shipping_class-tutti-i-paesi-it","9":"first","10":"instock","11":"shipping-taxable","12":"purchasable","13":"product-type-simple"},"acf":[],"_links":{"self":[{"href":"https:\/\/www.silviakelly.it\/it\/wp-json\/wp\/v2\/product\/29763","targetHints":{"allow":["GET"]}}],"collection":[{"href":"https:\/\/www.silviakelly.it\/it\/wp-json\/wp\/v2\/product"}],"about":[{"href":"https:\/\/www.silviakelly.it\/it\/wp-json\/wp\/v2\/types\/product"}],"version-history":[{"count":7,"href":"https:\/\/www.silviakelly.it\/it\/wp-json\/wp\/v2\/product\/29763\/revisions"}],"predecessor-version":[{"id":31263,"href":"https:\/\/www.silviakelly.it\/it\/wp-json\/wp\/v2\/product\/29763\/revisions\/31263"}],"wp:featuredmedia":[{"embeddable":true,"href":"https:\/\/www.silviakelly.it\/it\/wp-json\/wp\/v2\/media\/31259"}],"wp:attachment":[{"href":"https:\/\/www.silviakelly.it\/it\/wp-json\/wp\/v2\/media?parent=29763"}],"wp:term":[{"taxonomy":"product_brand","embeddable":true,"href":"https:\/\/www.silviakelly.it\/it\/wp-json\/wp\/v2\/product_brand?post=29763"},{"taxonomy":"product_cat","embeddable":true,"href":"https:\/\/www.silviakelly.it\/it\/wp-json\/wp\/v2\/product_cat?post=29763"},{"taxonomy":"product_tag","embeddable":true,"href":"https:\/\/www.silviakelly.it\/it\/wp-json\/wp\/v2\/product_tag?post=29763"}],"curies":[{"name":"wp","href":"https:\/\/api.w.org\/{rel}","templated":true}]}}