{"id":33310,"date":"2022-08-30T13:01:07","date_gmt":"2022-08-30T13:01:07","guid":{"rendered":"https:\/\/www.silviakelly.it\/product\/anello-little-peridot\/"},"modified":"2026-03-10T12:09:00","modified_gmt":"2026-03-10T12:09:00","slug":"anello-london-petit-peridoto","status":"publish","type":"product","link":"https:\/\/www.silviakelly.it\/it\/prodotto\/anello-london-petit-peridoto\/","title":{"rendered":"London Petit Peridoto"},"content":{"rendered":"\t\t<div data-elementor-type=\"page\" data-elementor-id=\"25875\" class=\"elementor elementor-25875 elementor-25501\" data-elementor-post-type=\"elementor_library\">\n\t\t\t\t\t\t<section class=\"elementor-section elementor-top-section elementor-element elementor-element-3e9b8ba4 elementor-section-full_width elementor-section-height-default elementor-section-height-default\" data-id=\"3e9b8ba4\" data-element_type=\"section\" data-e-type=\"section\">\n\t\t\t\t\t\t<div class=\"elementor-container elementor-column-gap-default\">\n\t\t\t\t\t<div class=\"elementor-column elementor-col-100 elementor-top-column elementor-element elementor-element-1f49df22\" data-id=\"1f49df22\" data-element_type=\"column\" data-e-type=\"column\">\n\t\t\t<div class=\"elementor-widget-wrap elementor-element-populated\">\n\t\t\t\t\t\t<div class=\"elementor-element elementor-element-3c511b4c elementor-widget elementor-widget-pp-flipbox\" data-id=\"3c511b4c\" data-element_type=\"widget\" data-e-type=\"widget\" data-widget_type=\"pp-flipbox.default\">\n\t\t\t\t<div class=\"elementor-widget-container\">\n\t\t\t\t\t\t\t<div class=\"pp-flipbox-container pp-animate-fade pp-direction-\">\n\t\t\t<div class=\"pp-flipbox-flip-card\">\n\t\t\t\t\t\t<div class=\"pp-flipbox-front\">\n\t\t\t<div class=\"pp-flipbox-overlay\">\n\t\t\t\t<div class=\"pp-flipbox-inner\">\n\t\t\t\t\t<div class=\"pp-flipbox-icon-image pp-icon\">\n\t\t\t\t\t\t\t\t\t\t\t\t\t<i aria-hidden=\"true\" class=\"icon icon-diamond11\"><\/i>\t\t\t\t\t\t\t\t\t\t\t<\/div>\n\n\t\t\t\t\t<h3 class=\"pp-flipbox-heading\">\n\t\t\t\t\t\tIL PERIDOTO\t\t\t\t\t<\/h3>\n\n\t\t\t\t\t<div class=\"pp-flipbox-content\">\n\t\t\t\t\t\t\t\t\t\t\t<\/div>\n\t\t\t\t<\/div>\n\t\t\t<\/div>\n\t\t<\/div>\n\t\t\t\t<div class=\"pp-flipbox-back\">\n\t\t\t\t\t\t<div class=\"pp-flipbox-overlay\">\n\t\t\t\t<div class=\"pp-flipbox-inner\">\n\t\t\t\t\t\t\t\t\t\t\t<div class=\"pp-flipbox-icon-image-back pp-icon\">\n\t\t\t\t\t\t\t\t\t\t\t\t\t\t\t<i aria-hidden=\"true\" class=\"icon icon-diamond\"><\/i>\t\t\t\t\t\t\t\t\t\t\t\t\t<\/div>\n\t\t\t\t\t\n\t\t\t\t\t\t\t\t\t\t\t<h3 class=\"pp-flipbox-heading\">\n\t\t\t\t\t\t\tIL PERIDOTO\t\t\t\t\t\t<\/h3>\n\t\t\t\t\t\n\t\t\t\t\t<div class=\"pp-flipbox-content\">\n\t\t\t\t\t\tUna meravigliosa gemma appartenente al gruppo dei silicati, dal colore verde intenso. Il peridoto (detto anche olivina) deve il suo colore a un elevato contenuto di ferro, mentre cromo e nichel possono accentuarne le sfumature. Il giacimento pi\u00f9 grande al mondo si trova nella riserva apache di San Carlos, in Arizona, e si trova anche in Cina e nel Pakistan. Marbodio di Rennes (vescovo e poeta francese) scriveva che il peridoto (una volta forato, poi infilato con un pelo d\u2019asino e infine appeso al braccio sinistro) rappresentasse un antidoto contro gli spiriti maligni.\t\t\t\t\t<\/div>\n\n\t\t\t\t\t\t\t\t\t<\/div>\n\t\t\t<\/div>\n\t\t<\/div>\n\t\t\t\t\t<\/div>\n\t\t<\/div>\n\t\t\t\t\t\t<\/div>\n\t\t\t\t<\/div>\n\t\t\t\t\t<\/div>\n\t\t<\/div>\n\t\t\t\t\t<\/div>\n\t\t<\/section>\n\t\t\t\t<\/div>\n\t\t\n","protected":false},"excerpt":{"rendered":"<p>Anello London Petit Peridoto<\/p>\n<p>Un colore che fin dagli antichi Egizi \u00e8 stato di buon auspicio. Non per niente ancora oggi si parla di \u201cverde speranza\u201d.<\/p>\n<p>&#8220;Anticamente amato come amuleto per la sua leggendaria capacit\u00e0 di proteggere lo spirito dalle ombre notturne, il <b data-path-to-node=\"4\" data-index-in-node=\"114\">peridoto<\/b> trova oggi una nuova dimensione di eleganza.<br \/>\nQuando viene incastonato nell&#8217;<b data-path-to-node=\"4\" data-index-in-node=\"198\">oro rosa<\/b>, la freddezza vibrante del suo verde lime si fonde con il calore romantico del metallo, sprigionando un fascino magnetico e contemporaneo.<br \/>\nQuesta gemma, nata nelle profondit\u00e0 della terra e portata alla luce dai vulcani, non \u00e8 solo un ornamento: \u00e8 un potente simbolo di <b data-path-to-node=\"4\" data-index-in-node=\"476\">rinascita e crescita personale<\/b>. \u00c8 la scelta ideale per chi desidera distinguersi non solo per lo stile, ma per il legame con un significato profondo e una storia millenaria.&#8221;<\/p>\n","protected":false},"featured_media":33304,"template":"","meta":{"_acf_changed":false},"product_brand":[],"product_cat":[313],"product_tag":[],"class_list":{"0":"post-33310","1":"product","2":"type-product","3":"status-publish","4":"has-post-thumbnail","6":"product_cat-anelli","7":"product_shipping_class-tutti-i-paesi-it","9":"first","10":"instock","11":"shipping-taxable","12":"purchasable","13":"product-type-simple"},"acf":[],"_links":{"self":[{"href":"https:\/\/www.silviakelly.it\/it\/wp-json\/wp\/v2\/product\/33310","targetHints":{"allow":["GET"]}}],"collection":[{"href":"https:\/\/www.silviakelly.it\/it\/wp-json\/wp\/v2\/product"}],"about":[{"href":"https:\/\/www.silviakelly.it\/it\/wp-json\/wp\/v2\/types\/product"}],"version-history":[{"count":7,"href":"https:\/\/www.silviakelly.it\/it\/wp-json\/wp\/v2\/product\/33310\/revisions"}],"predecessor-version":[{"id":38306,"href":"https:\/\/www.silviakelly.it\/it\/wp-json\/wp\/v2\/product\/33310\/revisions\/38306"}],"wp:featuredmedia":[{"embeddable":true,"href":"https:\/\/www.silviakelly.it\/it\/wp-json\/wp\/v2\/media\/33304"}],"wp:attachment":[{"href":"https:\/\/www.silviakelly.it\/it\/wp-json\/wp\/v2\/media?parent=33310"}],"wp:term":[{"taxonomy":"product_brand","embeddable":true,"href":"https:\/\/www.silviakelly.it\/it\/wp-json\/wp\/v2\/product_brand?post=33310"},{"taxonomy":"product_cat","embeddable":true,"href":"https:\/\/www.silviakelly.it\/it\/wp-json\/wp\/v2\/product_cat?post=33310"},{"taxonomy":"product_tag","embeddable":true,"href":"https:\/\/www.silviakelly.it\/it\/wp-json\/wp\/v2\/product_tag?post=33310"}],"curies":[{"name":"wp","href":"https:\/\/api.w.org\/{rel}","templated":true}]}}