{"id":33322,"date":"2022-08-30T13:18:25","date_gmt":"2022-08-30T13:18:25","guid":{"rendered":"https:\/\/www.silviakelly.it\/product\/anello-little-garnet\/"},"modified":"2026-03-04T12:57:23","modified_gmt":"2026-03-04T12:57:23","slug":"anello-london-petit-granato","status":"publish","type":"product","link":"https:\/\/www.silviakelly.it\/it\/prodotto\/anello-london-petit-granato\/","title":{"rendered":"London Petit  Granato"},"content":{"rendered":"\t\t<div data-elementor-type=\"page\" data-elementor-id=\"25873\" class=\"elementor elementor-25873 elementor-25487\" data-elementor-post-type=\"elementor_library\">\n\t\t\t\t\t\t<section class=\"elementor-section elementor-top-section elementor-element elementor-element-5e0624c9 elementor-section-full_width elementor-section-height-default elementor-section-height-default\" data-id=\"5e0624c9\" data-element_type=\"section\" data-e-type=\"section\">\n\t\t\t\t\t\t<div class=\"elementor-container elementor-column-gap-default\">\n\t\t\t\t\t<div class=\"elementor-column elementor-col-100 elementor-top-column elementor-element elementor-element-7b61f789\" data-id=\"7b61f789\" data-element_type=\"column\" data-e-type=\"column\">\n\t\t\t<div class=\"elementor-widget-wrap elementor-element-populated\">\n\t\t\t\t\t\t<div class=\"elementor-element elementor-element-612dd1f3 elementor-widget elementor-widget-pp-flipbox\" data-id=\"612dd1f3\" data-element_type=\"widget\" data-e-type=\"widget\" data-widget_type=\"pp-flipbox.default\">\n\t\t\t\t<div class=\"elementor-widget-container\">\n\t\t\t\t\t\t\t<div class=\"pp-flipbox-container pp-animate-fade pp-direction-\">\n\t\t\t<div class=\"pp-flipbox-flip-card\">\n\t\t\t\t\t\t<div class=\"pp-flipbox-front\">\n\t\t\t<div class=\"pp-flipbox-overlay\">\n\t\t\t\t<div class=\"pp-flipbox-inner\">\n\t\t\t\t\t<div class=\"pp-flipbox-icon-image pp-icon\">\n\t\t\t\t\t\t\t\t\t\t\t\t\t<i aria-hidden=\"true\" class=\"icon icon-diamond11\"><\/i>\t\t\t\t\t\t\t\t\t\t\t<\/div>\n\n\t\t\t\t\t<h3 class=\"pp-flipbox-heading\">\n\t\t\t\t\t\t IL GRANATO\t\t\t\t\t<\/h3>\n\n\t\t\t\t\t<div class=\"pp-flipbox-content\">\n\t\t\t\t\t\t\t\t\t\t\t<\/div>\n\t\t\t\t<\/div>\n\t\t\t<\/div>\n\t\t<\/div>\n\t\t\t\t<div class=\"pp-flipbox-back\">\n\t\t\t\t\t\t<div class=\"pp-flipbox-overlay\">\n\t\t\t\t<div class=\"pp-flipbox-inner\">\n\t\t\t\t\t\t\t\t\t\t\t<div class=\"pp-flipbox-icon-image-back pp-icon\">\n\t\t\t\t\t\t\t\t\t\t\t\t\t\t\t<i aria-hidden=\"true\" class=\"icon icon-diamond\"><\/i>\t\t\t\t\t\t\t\t\t\t\t\t\t<\/div>\n\t\t\t\t\t\n\t\t\t\t\t\t\t\t\t\t\t<h3 class=\"pp-flipbox-heading\">\n\t\t\t\t\t\t\tIL GRANATO\t\t\t\t\t\t<\/h3>\n\t\t\t\t\t\n\t\t\t\t\t<div class=\"pp-flipbox-content\">\n\t\t\t\t\t\tLa presenza di vari metalli dona alla sua struttura cristallina un\u2019ampia gamma di colori, che vanno dal viola al cioccolato, dal verde al giallo, dal rosa al rosso. Infatti, del granato si classificano ben 38 tipologie diverse, anche se la variet\u00e0 pi\u00f9 conosciuta \u00e8 sicuramente quella rossastra (Granato Mozambico).\nLe variet\u00e0 del Granato vengono estratte in differenti paesi: India, Kenya, Madagascar, Mozambico, Nigeria, Sri Lanka e Tanzania. Si dice che sia una pietra in grado di allontanare le influenze maligne e di fornire protezione da ferite e veleno.\t\t\t\t\t<\/div>\n\n\t\t\t\t\t\t\t\t\t<\/div>\n\t\t\t<\/div>\n\t\t<\/div>\n\t\t\t\t\t<\/div>\n\t\t<\/div>\n\t\t\t\t\t\t<\/div>\n\t\t\t\t<\/div>\n\t\t\t\t\t<\/div>\n\t\t<\/div>\n\t\t\t\t\t<\/div>\n\t\t<\/section>\n\t\t\t\t<\/div>\n\t\t\n","protected":false},"excerpt":{"rendered":"<p>Il granato sviluppa la fiducia in se stessi, la forza di volont\u00e0 e la gioia di vivere. Infonde coraggio, speranza e ottimismo per affrontare le sfide della vita.<\/p>\n","protected":false},"featured_media":33318,"template":"","meta":{"_acf_changed":false},"product_brand":[],"product_cat":[313],"product_tag":[],"class_list":{"0":"post-33322","1":"product","2":"type-product","3":"status-publish","4":"has-post-thumbnail","6":"product_cat-anelli","7":"product_shipping_class-tutti-i-paesi-it","9":"first","10":"instock","11":"shipping-taxable","12":"purchasable","13":"product-type-simple"},"acf":[],"_links":{"self":[{"href":"https:\/\/www.silviakelly.it\/it\/wp-json\/wp\/v2\/product\/33322","targetHints":{"allow":["GET"]}}],"collection":[{"href":"https:\/\/www.silviakelly.it\/it\/wp-json\/wp\/v2\/product"}],"about":[{"href":"https:\/\/www.silviakelly.it\/it\/wp-json\/wp\/v2\/types\/product"}],"version-history":[{"count":6,"href":"https:\/\/www.silviakelly.it\/it\/wp-json\/wp\/v2\/product\/33322\/revisions"}],"predecessor-version":[{"id":37911,"href":"https:\/\/www.silviakelly.it\/it\/wp-json\/wp\/v2\/product\/33322\/revisions\/37911"}],"wp:featuredmedia":[{"embeddable":true,"href":"https:\/\/www.silviakelly.it\/it\/wp-json\/wp\/v2\/media\/33318"}],"wp:attachment":[{"href":"https:\/\/www.silviakelly.it\/it\/wp-json\/wp\/v2\/media?parent=33322"}],"wp:term":[{"taxonomy":"product_brand","embeddable":true,"href":"https:\/\/www.silviakelly.it\/it\/wp-json\/wp\/v2\/product_brand?post=33322"},{"taxonomy":"product_cat","embeddable":true,"href":"https:\/\/www.silviakelly.it\/it\/wp-json\/wp\/v2\/product_cat?post=33322"},{"taxonomy":"product_tag","embeddable":true,"href":"https:\/\/www.silviakelly.it\/it\/wp-json\/wp\/v2\/product_tag?post=33322"}],"curies":[{"name":"wp","href":"https:\/\/api.w.org\/{rel}","templated":true}]}}